{"id":8756,"date":"2024-04-17T11:27:50","date_gmt":"2024-04-17T10:27:50","guid":{"rendered":"https:\/\/www.whitehallresources.co.uk\/?page_id=8756"},"modified":"2024-09-05T14:46:33","modified_gmt":"2024-09-05T13:46:33","slug":"usa","status":"publish","type":"page","link":"https:\/\/www.whitehallresources.com\/de\/sap-jobs\/usa\/","title":{"rendered":"SAP-Jobs in den USA"},"content":{"rendered":"\n\n\t<section class=\"section job-search sec-small-p dots-b boujee-bg2\" id=\"section_157769116\">\n\t\t<div class=\"section-bg fill\" >\n\t\t\t\t\t\t\t\t\t\n\t\t\t\n\n\t\t<\/div>\n\n\t\t\n\n\t\t<div class=\"section-content relative\">\n\t\t\t\n\n<div class=\"row\"  id=\"row-497187177\">\n\n\n\t<div id=\"col-1074403900\" class=\"col small-12 large-12\"  >\n\t\t\t\t<div class=\"col-inner\"  >\n\t\t\t\n\t\t\t\n\n<h1>SAP-Jobs in den USA<\/h1>\n\n\n\t\t<\/div>\n\t\t\t\t\t<\/div>\n\n\t\n\n<\/div>\n<div class=\"row\"  id=\"row-359234880\">\n\n\n\t<div id=\"col-1357508499\" class=\"col medium-12 small-12 large-3\"  >\n\t\t\t\t<div class=\"col-inner\"  >\n\t\t\t\n\t\t\t\n\n<div class=\"row\"  id=\"row-2049292792\">\n\n\n\t<div id=\"col-1472368169\" class=\"col medium-6 small-12 large-6\"  >\n\t\t\t\t<div class=\"col-inner\"  >\n\t\t\t\n\t\t\t\n\n\n\n<h3>Jobs suchen<\/h3>\n\n\n\t\t<\/div>\n\t\t\t\t\t<\/div>\n\n\t\n\n\t<div id=\"col-434640747\" class=\"col medium-6 small-12 large-6\"  >\n\t\t\t\t<div class=\"col-inner\"  >\n\t\t\t\n\t\t\t\n\n\n\n<div class=\"facetwp-facet facetwp-facet-reset facetwp-type-reset\" data-name=\"reset\" data-type=\"reset\"><\/div>\n\n\n\t\t<\/div>\n\t\t\t\t\t<\/div>\n\n\t\n\n<\/div>\n\n\n<div>\n<label>Nach F\u00e4higkeiten suchen<\/label>\n<div class=\"facetwp-facet facetwp-facet-skill facetwp-type-search\" data-name=\"skill\" data-type=\"search\"><\/div>\n<\/div>\n\n<div class=\"mt-20\">\n<label>Standort<\/label>\n<div class=\"facetwp-facet facetwp-facet-location facetwp-type-dropdown\" data-name=\"location\" data-type=\"dropdown\"><\/div>\n<\/div>\n\n<div class=\"mt-20\">\n<label>Typ<\/label>\n<div class=\"facetwp-facet facetwp-facet-contract_type facetwp-type-checkboxes\" data-name=\"contract_type\" data-type=\"checkboxes\"><\/div>\n<\/div>\n\n<div class=\"skill-list mt-20\">\n<label>Beliebte Suchanfragen<\/label>\n\n<a href=\"\/sap-jobs\/?_skill=fico\">FICO<\/a>\n\n<a href=\"\/sap-jobs\/?_skill=successfactors\">SuccessFactors<\/a>\n\n<a href=\"\/sap-jobs\/?_skill=Solution%20Architect\">Solution Architect<\/a>\n\n<a href=\"\/sap-jobs\/?_skill=GTS\">GTS<\/a>\n<\/div>\n\n\n\t\t<\/div>\n\t\t\t\t\t<\/div>\n\n\t\n\n\t<div id=\"col-2053108564\" class=\"col medium-12 small-12 large-9\"  >\n\t\t\t\t<div class=\"col-inner\"  >\n\t\t\t\n\t\t\t\n\n\n\n<div class=\"facetwp-template\" data-name=\"sap_usa\"><div class=\"wh-search-results\">\n    <p class=\"search-no-results\">Please call us on +44 (0)1206 212101 for full availability.<\/p>\n<\/div><\/div>\n<div>\n<div class=\"facetwp-facet facetwp-facet-pager_ facetwp-type-pager\" data-name=\"pager_\" data-type=\"pager\"><\/div>\n<\/div>\n\n\n\t\t<\/div>\n\t\t\t\t\t<\/div>\n\n\t\n\n<\/div>\n\n\t\t<\/div>\n\n\t\t\n<style>\n#section_157769116 {\n  padding-top: 30px;\n  padding-bottom: 30px;\n}\n<\/style>\n\t<\/section>\n\t\n\n\t<section class=\"section boujee-bg2\" id=\"section_322742209\">\n\t\t<div class=\"section-bg fill\" >\n\t\t\t\t\t\t\t\t\t\n\t\t\t\n\n\t\t<\/div>\n\n\t\t\n\n\t\t<div class=\"section-content relative\">\n\t\t\t\n\n<div class=\"row\"  id=\"row-755304811\">\n\n\n\t<div id=\"col-83377863\" class=\"col small-12 large-12\"  >\n\t\t\t\t<div class=\"col-inner\"  >\n\t\t\t\n\t\t\t\n\n\t<div id=\"stack-2091316774\" class=\"stack stack-row justify-between items-center md:stack-col md:items-start\">\n\t\t\n\n\t<div id=\"text-2447215427\" class=\"text\">\n\t\t\n\n<h2>Unsere Kunden sind unser Erfolg<\/h2>\n\t\t\t<\/div>\n\t\n<a href=\"\/de\/services\/testimonials\/\" class=\"button white is-link lowercase\" >\n\t\t<span>Lesen Sie unsere Kundenreferenzen<\/span>\n\t<i class=\"icon-angle-right\" aria-hidden=\"true\"><\/i><\/a>\n\n\n\n\t\t\n<style>\n#stack-2091316774 > * {\n  --stack-gap: 1rem;\n}\n@media (min-width:850px) {\n  #stack-2091316774 > * {\n    --stack-gap: 0rem;\n  }\n}\n<\/style>\n\t<\/div>\n\t\n\n\t\t<\/div>\n\t\t\t\t\t<\/div>\n\n\t\n\n<\/div>\n<div class=\"slider-wrapper relative testimonials-slider\" id=\"slider-911049654\" >\n    <div class=\"slider slider-nav-circle slider-nav-large slider-nav-light slider-style-normal\"\n        data-flickity-options='{\n            \"cellAlign\": \"center\",\n            \"imagesLoaded\": true,\n            \"lazyLoad\": 1,\n            \"freeScroll\": false,\n            \"wrapAround\": true,\n            \"autoPlay\": 5000,\n            \"pauseAutoPlayOnHover\" : true,\n            \"prevNextButtons\": false,\n            \"contain\" : true,\n            \"adaptiveHeight\" : true,\n            \"dragThreshold\" : 10,\n            \"percentPosition\": true,\n            \"pageDots\": false,\n            \"rightToLeft\": false,\n            \"draggable\": true,\n            \"selectedAttraction\": 0.1,\n            \"parallax\" : 0,\n            \"friction\": 0.6        }'\n        >\n        \n\n\n  <div class=\"banner has-hover\" id=\"banner-1722466205\">\n          <div class=\"banner-inner fill\">\n        <div class=\"banner-bg fill\" >\n                                                \n                    <\/div>\n\t\t\n        <div class=\"banner-layers container\">\n            <div class=\"fill banner-link\"><\/div>            \n\n   <div id=\"text-box-1619835400\" class=\"text-box banner-layer x50 md-x50 lg-x50 y50 md-y50 lg-y50 res-text\">\n                                <div class=\"text-box-content text dark\">\n              \n              <div class=\"text-inner text-center\">\n                  \n\n\t<div id=\"text-2688079150\" class=\"text max-w-800 max-w-center\">\n\t\t\n\n<h4 class=\"light thin-font\">Ich m\u00f6chte mich ganz herzlich f\u00fcr die 2-j\u00e4hrige Zusammenarbeit mit mir und meinem Unternehmen bedanken. Ich sch\u00e4tze sehr die Schnelligkeit, mit der Sie auf all meine Fragen geantwortet haben, die Art und Weise, wie Sie sich bei der Suche nach Profilen und Kandidaten eingebracht haben, sowie unsere gemeinsamen Gespr\u00e4che \u00fcber Gesch\u00e4ftsthemen und manchmal auch lockere Themen. Ich bin auch sehr dankbar f\u00fcr Ihre Sorgfalt in Bezug auf die Qualit\u00e4t der Kandidaten, die Qualit\u00e4t Ihrer Arbeit nicht nur zu Beginn, sondern w\u00e4hrend des gesamten Projektverlaufs und Ihre aktive Teilnahme an den Meetings mit den Kandidaten und der Sammlung von Feedback.<\/h4>\n<p class=\"big\">Service Delivery Manager<\/p>\n\t\t\n<style>\n#text-2688079150 {\n  text-align: center;\n}\n<\/style>\n\t<\/div>\n\t\n\n              <\/div>\n           <\/div>\n                            \n<style>\n#text-box-1619835400 {\n  width: 100%;\n}\n#text-box-1619835400 .text-box-content {\n  font-size: 100%;\n}\n<\/style>\n    <\/div>\n \n\n        <\/div>\n      <\/div>\n\n            \n<style>\n#banner-1722466205 {\n  padding-top: 500px;\n  background-color: rgba(255, 255, 255, 0);\n}\n<\/style>\n  <\/div>\n\n\n\n  <div class=\"banner has-hover\" id=\"banner-271659985\">\n          <div class=\"banner-inner fill\">\n        <div class=\"banner-bg fill\" >\n                                                \n                    <\/div>\n\t\t\n        <div class=\"banner-layers container\">\n            <div class=\"fill banner-link\"><\/div>            \n\n   <div id=\"text-box-1100722075\" class=\"text-box banner-layer x50 md-x50 lg-x50 y50 md-y50 lg-y50 res-text\">\n                                <div class=\"text-box-content text dark\">\n              \n              <div class=\"text-inner text-center\">\n                  \n\n\t<div id=\"text-483188333\" class=\"text max-w-800 max-w-center\">\n\t\t\n\n<h4 class=\"thin-font\">Ich freue mich, dieses Zeugnis im Namen unserer Organisation zu schreiben, um unsere au\u00dfergew\u00f6hnliche Partnerschaft mit Whitehall hervorzuheben. Unsere Zusammenarbeit mit Whitehall hat sich als entscheidend f\u00fcr die Deckung unseres globalen Bedarfs an SAP-Beratern erwiesen, und ich m\u00f6chte insbesondere Nicola f\u00fcr ihre herausragende Professionalit\u00e4t und ihr Engagement danken.<\/h4>\n<p class=\"big\">Director<\/p>\n\t\t\n<style>\n#text-483188333 {\n  text-align: center;\n}\n<\/style>\n\t<\/div>\n\t\n\n              <\/div>\n           <\/div>\n                            \n<style>\n#text-box-1100722075 {\n  width: 100%;\n}\n#text-box-1100722075 .text-box-content {\n  font-size: 100%;\n}\n<\/style>\n    <\/div>\n \n\n        <\/div>\n      <\/div>\n\n            \n<style>\n#banner-271659985 {\n  padding-top: 500px;\n  background-color: rgba(255, 255, 255, 0);\n}\n<\/style>\n  <\/div>\n\n\n\n  <div class=\"banner has-hover\" id=\"banner-32820036\">\n          <div class=\"banner-inner fill\">\n        <div class=\"banner-bg fill\" >\n                                                \n                    <\/div>\n\t\t\n        <div class=\"banner-layers container\">\n            <div class=\"fill banner-link\"><\/div>            \n\n   <div id=\"text-box-1342596970\" class=\"text-box banner-layer x50 md-x50 lg-x50 y50 md-y50 lg-y50 res-text\">\n                                <div class=\"text-box-content text dark\">\n              \n              <div class=\"text-inner text-center\">\n                  \n\n\t<div id=\"text-1158967699\" class=\"text max-w-800 max-w-center\">\n\t\t\n\n<h4 class=\"thin-font\">Whitehall war in den letzten 24 Monaten ein unsch\u00e4tzbarer Partner f\u00fcr unser Unternehmen, w\u00e4hrend wir unser Gesch\u00e4ft in Gro\u00dfbritannien und den USA weiter ausgebaut haben. Ihre tiefen Netzwerke innerhalb von S4 HANA (Public &amp; Private Cloud), Business One &amp; ByDesign haben uns geholfen, viele erfolgreiche Implementierungen weltweit abzuschlie\u00dfen. Sie haben uns eine Vielzahl von Festangestellten, befristeten und freiberuflichen Ressourcen vermittelt.<\/h4>\n<p class=\"big\">Global Talent Manager<\/p>\n\t\t\n<style>\n#text-1158967699 {\n  text-align: center;\n}\n<\/style>\n\t<\/div>\n\t\n\n              <\/div>\n           <\/div>\n                            \n<style>\n#text-box-1342596970 {\n  width: 100%;\n}\n#text-box-1342596970 .text-box-content {\n  font-size: 100%;\n}\n<\/style>\n    <\/div>\n \n\n        <\/div>\n      <\/div>\n\n            \n<style>\n#banner-32820036 {\n  padding-top: 500px;\n  background-color: rgba(255, 255, 255, 0);\n}\n<\/style>\n  <\/div>\n\n\n\n     <\/div>\n\n     <div class=\"loading-spin dark large centered\"><\/div>\n\n\t\n<style>\n#slider-911049654 .flickity-slider > * {\n  max-width: 900px!important;\n}\n<\/style>\n<\/div>\n\n\n\n\t\t<\/div>\n\n\t\t\n<style>\n#section_322742209 {\n  padding-top: 80px;\n  padding-bottom: 80px;\n}\n<\/style>\n\t<\/section>\n\t\n\n\n","protected":false},"excerpt":{"rendered":"","protected":false},"author":7,"featured_media":0,"parent":60,"menu_order":0,"comment_status":"closed","ping_status":"closed","template":"page-blank.php","meta":{"_acf_changed":false,"footnotes":""},"class_list":["post-8756","page","type-page","status-publish","hentry"],"acf":[],"_links":{"self":[{"href":"https:\/\/www.whitehallresources.com\/de\/wp-json\/wp\/v2\/pages\/8756","targetHints":{"allow":["GET"]}}],"collection":[{"href":"https:\/\/www.whitehallresources.com\/de\/wp-json\/wp\/v2\/pages"}],"about":[{"href":"https:\/\/www.whitehallresources.com\/de\/wp-json\/wp\/v2\/types\/page"}],"author":[{"embeddable":true,"href":"https:\/\/www.whitehallresources.com\/de\/wp-json\/wp\/v2\/users\/7"}],"replies":[{"embeddable":true,"href":"https:\/\/www.whitehallresources.com\/de\/wp-json\/wp\/v2\/comments?post=8756"}],"version-history":[{"count":4,"href":"https:\/\/www.whitehallresources.com\/de\/wp-json\/wp\/v2\/pages\/8756\/revisions"}],"predecessor-version":[{"id":12566,"href":"https:\/\/www.whitehallresources.com\/de\/wp-json\/wp\/v2\/pages\/8756\/revisions\/12566"}],"up":[{"embeddable":true,"href":"https:\/\/www.whitehallresources.com\/de\/wp-json\/wp\/v2\/pages\/60"}],"wp:attachment":[{"href":"https:\/\/www.whitehallresources.com\/de\/wp-json\/wp\/v2\/media?parent=8756"}],"curies":[{"name":"wp","href":"https:\/\/api.w.org\/{rel}","templated":true}]}}