{"id":5557,"date":"2023-11-30T17:16:51","date_gmt":"2023-11-30T17:16:51","guid":{"rendered":"https:\/\/wh.reach.ninja\/?page_id=5557"},"modified":"2024-09-09T15:19:23","modified_gmt":"2024-09-09T14:19:23","slug":"privacy-policy","status":"publish","type":"page","link":"https:\/\/www.whitehallresources.com\/de\/policies\/privacy-policy\/","title":{"rendered":"Datenschutzerkl\u00e4rung"},"content":{"rendered":"\n\n\t<section class=\"section bg-blue-top dots-b\" id=\"section_1567311307\">\n\t\t<div class=\"section-bg fill\" >\n\t\t\t\t\t\t\t\t\t\n\t\t\t\n\n\t\t<\/div>\n\n\t\t\n\n\t\t<div class=\"section-content relative\">\n\t\t\t\n\n<div class=\"row\"  id=\"row-826934118\">\n\n\n\t<div id=\"col-1459132519\" class=\"col medium-12 small-12 large-8\"  >\n\t\t\t\t<div class=\"col-inner dark\"  >\n\t\t\t\n\t\t\t\n\n<h4><span data-preserver-spaces=\"true\">Einf\u00fchrung<\/span><\/h4>\n<p><span data-preserver-spaces=\"true\">Diese Datenschutzrichtlinie beschreibt die Verpflichtungen von Whitehall Resources Ltd, einem in England unter der Nummer 5999991 registrierten Unternehmen mit Sitz in 350 The Crescent, Colchester, ESSEX, CO4 9AT (\u201ewir\u201c, \u201euns\u201c, \u201eunser\u201c), in Bezug auf den Schutz personenbezogener Daten und die Rechte unserer Kandidaten, Kunden und Mitarbeiter (\u201ebetroffene Personen\u201c) in Deutschland.<\/span><\/p>\n<p><span data-preserver-spaces=\"true\">Whitehall Resources verpflichtet sich zur Einhaltung der <\/span><strong><span data-preserver-spaces=\"true\">Datenschutz-Grundverordnung (DSGVO)<\/span><\/strong><span data-preserver-spaces=\"true\">, die die Verarbeitung personenbezogener Daten in der Europ\u00e4ischen Union und im Europ\u00e4ischen Wirtschaftsraum regelt. Diese Richtlinie legt fest, wie wir personenbezogene Daten erfassen, verwenden, speichern und sch\u00fctzen, sowie die Rechte der betroffenen Personen gem\u00e4\u00df der DSGVO.<\/span><\/p>\n<h4><span data-preserver-spaces=\"true\">Definition personenbezogener Daten<\/span><\/h4>\n<p><span data-preserver-spaces=\"true\">\u201ePersonenbezogene Daten\u201c im Sinne der DSGVO sind alle Informationen, die sich auf eine identifizierte oder identifizierbare nat\u00fcrliche Person (eine \u201ebetroffene Person\u201c) beziehen. Eine identifizierbare Person ist eine Person, die direkt oder indirekt anhand eines Namens, einer Identifikationsnummer, Standortdaten, eines Online-Identifikators oder spezifischer Merkmale identifiziert werden kann.<\/span><\/p>\n<h4><span data-preserver-spaces=\"true\">Grunds\u00e4tze der Datenverarbeitung<\/span><\/h4>\n<p><span data-preserver-spaces=\"true\">Whitehall Resources verpflichtet sich zur Einhaltung der folgenden Grunds\u00e4tze gem\u00e4\u00df der DSGVO:<\/span><\/p>\n<ul>\n<li><strong><span data-preserver-spaces=\"true\">Rechtm\u00e4\u00dfigkeit, Fairness und Transparenz<\/span><\/strong><span data-preserver-spaces=\"true\">: Wir verarbeiten personenbezogene Daten auf rechtm\u00e4\u00dfige, faire und transparente Weise gegen\u00fcber den betroffenen Personen.<\/span><\/li>\n<li><strong><span data-preserver-spaces=\"true\">Zweckbindung<\/span><\/strong><span data-preserver-spaces=\"true\">: Personenbezogene Daten werden nur f\u00fcr eindeutige, legitime und vorher festgelegte Zwecke erhoben und nicht in einer Weise weiterverarbeitet, die mit diesen Zwecken unvereinbar ist.<\/span><\/li>\n<li><strong><span data-preserver-spaces=\"true\">Datenminimierung<\/span><\/strong><span data-preserver-spaces=\"true\">: Wir erheben nur die Daten, die f\u00fcr die angegebenen Zwecke erforderlich sind, und beschr\u00e4nken die Verarbeitung auf das notwendige Ma\u00df.<\/span><\/li>\n<li><strong><span data-preserver-spaces=\"true\">Richtigkeit<\/span><\/strong><span data-preserver-spaces=\"true\">: Wir sorgen daf\u00fcr, dass die von uns verarbeiteten personenbezogenen Daten korrekt und aktuell sind. Unrichtige Daten werden unverz\u00fcglich berichtigt oder gel\u00f6scht.<\/span><\/li>\n<li><strong><span data-preserver-spaces=\"true\">Speicherbegrenzung<\/span><\/strong><span data-preserver-spaces=\"true\">: Personenbezogene Daten werden nur so lange aufbewahrt, wie es f\u00fcr die Zwecke erforderlich ist, f\u00fcr die sie erhoben wurden, es sei denn, eine l\u00e4ngere Speicherung ist gesetzlich vorgeschrieben oder zul\u00e4ssig.<\/span><\/li>\n<li><strong><span data-preserver-spaces=\"true\">Integrit\u00e4t und Vertraulichkeit<\/span><\/strong><span data-preserver-spaces=\"true\">: Wir stellen durch geeignete technische und organisatorische Ma\u00dfnahmen sicher, dass personenbezogene Daten vor unbefugtem Zugriff, Verlust oder Zerst\u00f6rung gesch\u00fctzt werden.<\/span><\/li>\n<\/ul>\n<h4><span data-preserver-spaces=\"true\">Verarbeitung personenbezogener Daten<\/span><\/h4>\n<p><span data-preserver-spaces=\"true\">Wir verarbeiten personenbezogene Daten der betroffenen Personen nur, wenn mindestens eine der folgenden Bedingungen erf\u00fcllt ist:<\/span><\/p>\n<ul>\n<li><span data-preserver-spaces=\"true\">Die betroffene Person hat ihre ausdr\u00fcckliche Einwilligung zur Verarbeitung ihrer personenbezogenen Daten f\u00fcr einen oder mehrere spezifische Zwecke gegeben.<\/span><\/li>\n<li><span data-preserver-spaces=\"true\">Die Verarbeitung ist notwendig, um einen Vertrag zu erf\u00fcllen, den die betroffene Person mit uns abgeschlossen hat, oder um auf Anfrage der betroffenen Person Ma\u00dfnahmen vor Vertragsabschluss zu ergreifen.<\/span><\/li>\n<li><span data-preserver-spaces=\"true\">Die Verarbeitung ist erforderlich, um einer gesetzlichen Verpflichtung nachzukommen, der wir unterliegen.<\/span><\/li>\n<li><span data-preserver-spaces=\"true\">Die Verarbeitung ist erforderlich, um lebenswichtige Interessen der betroffenen Person oder einer anderen nat\u00fcrlichen Person zu sch\u00fctzen.<\/span><\/li>\n<li><span data-preserver-spaces=\"true\">Die Verarbeitung ist erforderlich, um eine Aufgabe zu erf\u00fcllen, die im \u00f6ffentlichen Interesse liegt oder in Aus\u00fcbung \u00f6ffentlicher Gewalt erfolgt.<\/span><\/li>\n<li><span data-preserver-spaces=\"true\">Die Verarbeitung ist erforderlich, um die berechtigten Interessen unseres Unternehmens oder eines Dritten zu wahren, sofern nicht die Interessen oder Grundrechte und Grundfreiheiten der betroffenen Person \u00fcberwiegen.<\/span><\/li>\n<\/ul>\n<h4><span data-preserver-spaces=\"true\">Rechte der betroffenen Personen<\/span><\/h4>\n<p><span data-preserver-spaces=\"true\">Betroffene Personen haben im Rahmen der DSGVO die folgenden Rechte:<\/span><\/p>\n<ul>\n<li><strong><span data-preserver-spaces=\"true\">Recht auf Auskunft<\/span><\/strong><span data-preserver-spaces=\"true\">: Betroffene Personen haben das Recht, eine Best\u00e4tigung dar\u00fcber zu erhalten, ob personenbezogene Daten von ihnen verarbeitet werden, und, falls dies der Fall ist, Zugang zu den Daten zu erhalten.<\/span><\/li>\n<li><strong><span data-preserver-spaces=\"true\">Recht auf Berichtigung<\/span><\/strong><span data-preserver-spaces=\"true\">: Betroffene Personen k\u00f6nnen verlangen, dass unrichtige oder unvollst\u00e4ndige personenbezogene Daten korrigiert werden.<\/span><\/li>\n<li><strong><span data-preserver-spaces=\"true\">Recht auf L\u00f6schung<\/span><\/strong><span data-preserver-spaces=\"true\">: Unter bestimmten Umst\u00e4nden k\u00f6nnen betroffene Personen die L\u00f6schung ihrer personenbezogenen Daten verlangen, wenn die Daten f\u00fcr die Zwecke, f\u00fcr die sie erhoben wurden, nicht mehr erforderlich sind.<\/span><\/li>\n<li><strong><span data-preserver-spaces=\"true\">Recht auf Einschr\u00e4nkung der Verarbeitung<\/span><\/strong><span data-preserver-spaces=\"true\">: Betroffene Personen k\u00f6nnen unter bestimmten Bedingungen die Einschr\u00e4nkung der Verarbeitung ihrer personenbezogenen Daten verlangen.<\/span><\/li>\n<li><strong><span data-preserver-spaces=\"true\">Recht auf Daten\u00fcbertragbarkeit<\/span><\/strong><span data-preserver-spaces=\"true\">: Betroffene Personen k\u00f6nnen verlangen, ihre personenbezogenen Daten in einem strukturierten, g\u00e4ngigen und maschinenlesbaren Format zu erhalten und diese Daten an einen anderen Verantwortlichen zu \u00fcbermitteln.<\/span><\/li>\n<li><strong><span data-preserver-spaces=\"true\">Widerspruchsrecht<\/span><\/strong><span data-preserver-spaces=\"true\">: Betroffene Personen haben das Recht, der Verarbeitung ihrer personenbezogenen Daten zu widersprechen, insbesondere wenn die Verarbeitung auf berechtigten Interessen oder Direktwerbung beruht.<\/span><\/li>\n<\/ul>\n<h4><span data-preserver-spaces=\"true\">Sicherheit der Daten<\/span><\/h4>\n<p><span data-preserver-spaces=\"true\">Whitehall Resources setzt technische und organisatorische Ma\u00dfnahmen ein, um die Sicherheit personenbezogener Daten zu gew\u00e4hrleisten. Dies umfasst den Schutz vor unbefugtem Zugriff, Datenverlust oder -zerst\u00f6rung durch Verschl\u00fcsselung, regelm\u00e4\u00dfige Sicherheits\u00fcberpr\u00fcfungen und Zugriffsbeschr\u00e4nkungen auf Daten.<\/span><\/p>\n<h4><span data-preserver-spaces=\"true\">Aufbewahrung und L\u00f6schung personenbezogener Daten<\/span><\/h4>\n<p><span data-preserver-spaces=\"true\">Wir bewahren personenbezogene Daten nur so lange auf, wie es f\u00fcr die Zwecke, f\u00fcr die sie erhoben wurden, erforderlich ist oder wie es gesetzlich vorgeschrieben ist. Sobald die Daten nicht mehr ben\u00f6tigt werden, werden sie sicher gel\u00f6scht oder anonymisiert.<\/span><\/p>\n<h4><span data-preserver-spaces=\"true\">Kontakt und Datenschutzbeauftragter<\/span><\/h4>\n<p><span data-preserver-spaces=\"true\">F\u00fcr Fragen, Anliegen oder Beschwerden im Zusammenhang mit der Verarbeitung personenbezogener Daten k\u00f6nnen Sie uns unter folgender Adresse kontaktieren:<\/span><\/p>\n<p><span data-preserver-spaces=\"true\">Whitehall Resources Ltd<\/span><\/p>\n<p><span data-preserver-spaces=\"true\">Datenschutzbeauftragter<\/span><\/p>\n<p><span data-preserver-spaces=\"true\">350 The Crescent, Colchester, ESSEX, CO4 9AT<\/span><\/p>\n<p><span data-preserver-spaces=\"true\">E-Mail: [Ihre E-Mail-Adresse]<\/span><\/p>\n<p><span data-preserver-spaces=\"true\">Telefon: [Ihre Telefonnummer]<\/span><\/p>\n<h4><span data-preserver-spaces=\"true\">\u00c4nderungen dieser Richtlinie<\/span><\/h4>\n<p><span data-preserver-spaces=\"true\">Whitehall Resources beh\u00e4lt sich das Recht vor, diese Datenschutzrichtlinie bei Bedarf zu aktualisieren. Alle \u00c4nderungen werden auf unserer Website ver\u00f6ffentlicht, und wesentliche \u00c4nderungen werden den betroffenen Personen mitgeteilt.<\/span><\/p>\n\n\t\t<\/div>\n\t\t\t\t\n<style>\n#col-1459132519 > .col-inner {\n  padding: 0% 0px 0px 0%;\n}\n<\/style>\n\t<\/div>\n\n\t\n\n\t<div id=\"col-1043268717\" class=\"col medium-4 small-12 large-4\"  >\n\t\t<div class=\"is-sticky-column\"><div class=\"is-sticky-column__inner\">\t\t<div class=\"col-inner\" style=\"background-color:rgba(46, 45, 119, 0.843);\" >\n\t\t\t\n\t\t\t\n\n<h4>Our Policies<\/h4>\n<div class=\"nav-wrapper\"><ul class=\"nav nav-uppercase nav-vertical nav-simple text-left nav-left\"><li class=><a href=\"https:\/\/www.whitehallresources.com\/de\/policies\/agreement-for-work-finding-services\/\">Vereinbarung \u00fcber die Vermittlung von Arbeitsleistungen<\/a><\/li><li class=><a href=\"https:\/\/www.whitehallresources.com\/de\/policies\/cookie-policy\/\">Cookie-Richtlinie<\/a><\/li><li class=><a href=\"https:\/\/www.whitehallresources.com\/de\/policies\/data-retention-policy\/\">Datenaufbewahrungsrichtlinie<\/a><\/li><li class=active><a href=\"https:\/\/www.whitehallresources.com\/de\/policies\/privacy-policy\/\">Datenschutzerkl\u00e4rung<\/a><\/li><li class=><a href=\"https:\/\/www.whitehallresources.com\/de\/policies\/anti-korruptions-und-bestechungspolitik\/\">Anti-Korruptions- und Bestechungspolitik<\/a><\/li><li class=><a href=\"https:\/\/www.whitehallresources.com\/de\/policies\/sustainability\/\">Nachhaltigkeit<\/a><\/li><li class=><a href=\"https:\/\/www.whitehallresources.com\/de\/policies\/criminal-finances-act-2017\/\">Criminal Finances Act 2017 \u2013 Das Gesetz<\/a><\/li><li class=><a href=\"https:\/\/www.whitehallresources.com\/de\/policies\/data-protection-policy\/\">Datenschutzrichtlinie<\/a><\/li><li class=><a href=\"https:\/\/www.whitehallresources.com\/de\/policies\/modern-slavery-human-trafficking-policy\/\">Erkl\u00e4rung zur Bek\u00e4mpfung von Moderner Sklaverei und Menschenhandel<\/a><\/li><\/ul><\/div>\n\n\n\t\t<\/div>\n\t\t<\/div><\/div>\t\t\n<style>\n#col-1043268717 > .is-sticky-column > .is-sticky-column__inner > .col-inner {\n  padding: 5% 5% 5% 5%;\n  border-radius: 10px;\n}\n<\/style>\n\t<\/div>\n\n\t\n\n<\/div>\n\n\t\t<\/div>\n\n\t\t\n<style>\n#section_1567311307 {\n  padding-top: 50px;\n  padding-bottom: 50px;\n  background-color: rgb(33, 33, 87);\n}\n@media (min-width:850px) {\n  #section_1567311307 {\n    padding-top: 80px;\n    padding-bottom: 80px;\n  }\n}\n<\/style>\n\t<\/section>\n\t\n\n","protected":false},"excerpt":{"rendered":"","protected":false},"author":7,"featured_media":0,"parent":399,"menu_order":0,"comment_status":"closed","ping_status":"closed","template":"","meta":{"_acf_changed":false,"footnotes":""},"class_list":["post-5557","page","type-page","status-publish","hentry"],"acf":[],"_links":{"self":[{"href":"https:\/\/www.whitehallresources.com\/de\/wp-json\/wp\/v2\/pages\/5557","targetHints":{"allow":["GET"]}}],"collection":[{"href":"https:\/\/www.whitehallresources.com\/de\/wp-json\/wp\/v2\/pages"}],"about":[{"href":"https:\/\/www.whitehallresources.com\/de\/wp-json\/wp\/v2\/types\/page"}],"author":[{"embeddable":true,"href":"https:\/\/www.whitehallresources.com\/de\/wp-json\/wp\/v2\/users\/7"}],"replies":[{"embeddable":true,"href":"https:\/\/www.whitehallresources.com\/de\/wp-json\/wp\/v2\/comments?post=5557"}],"version-history":[{"count":8,"href":"https:\/\/www.whitehallresources.com\/de\/wp-json\/wp\/v2\/pages\/5557\/revisions"}],"predecessor-version":[{"id":12868,"href":"https:\/\/www.whitehallresources.com\/de\/wp-json\/wp\/v2\/pages\/5557\/revisions\/12868"}],"up":[{"embeddable":true,"href":"https:\/\/www.whitehallresources.com\/de\/wp-json\/wp\/v2\/pages\/399"}],"wp:attachment":[{"href":"https:\/\/www.whitehallresources.com\/de\/wp-json\/wp\/v2\/media?parent=5557"}],"curies":[{"name":"wp","href":"https:\/\/api.w.org\/{rel}","templated":true}]}}