{"id":5542,"date":"2023-11-30T16:42:49","date_gmt":"2023-11-30T16:42:49","guid":{"rendered":"https:\/\/wh.reach.ninja\/?page_id=5542"},"modified":"2024-09-05T13:53:39","modified_gmt":"2024-09-05T12:53:39","slug":"cookie-policy","status":"publish","type":"page","link":"https:\/\/www.whitehallresources.com\/de\/policies\/cookie-policy\/","title":{"rendered":"Cookie-Richtlinie"},"content":{"rendered":"\n\n\t<section class=\"section bg-blue-top dots-b\" id=\"section_950035865\">\n\t\t<div class=\"section-bg fill\" >\n\t\t\t\t\t\t\t\t\t\n\t\t\t\n\n\t\t<\/div>\n\n\t\t\n\n\t\t<div class=\"section-content relative\">\n\t\t\t\n\n<div class=\"row\"  id=\"row-428835267\">\n\n\n\t<div id=\"col-1120588838\" class=\"col medium-12 small-12 large-8\"  >\n\t\t\t\t<div class=\"col-inner dark\"  >\n\t\t\t\n\t\t\t\n\n\t<div id=\"text-219081877\" class=\"text max--600\">\n\t\t\n\n<p>Cookie-Richtlinie<\/p>\n\n\t\t\t<\/div>\n\t\n<h3>Was sind Cookies?<\/h3>\n<p>Cookies sind kleine Dateien, die auf Ihr Browserger\u00e4t heruntergeladen werden, wenn Sie eine Website besuchen, um Ihre Erfahrung zu verbessern. Weitere allgemeine Informationen zu Cookies finden Sie in diesem <a href=\"https:\/\/de.wikipedia.org\/wiki\/HTTP-Cookie\" target=\"_blank\" rel=\"noopener\">Wikipedia-Artikel<\/a>.<\/p>\n<h3>Deaktivierung von Cookies<\/h3>\n<p>Sie k\u00f6nnen das Herunterladen von Cookies verhindern, indem Sie die Einstellungen Ihres Browsers anpassen. Informationen dazu finden Sie in den Hilfedateien Ihres Browsers. Die Deaktivierung von Cookies kann die Funktionalit\u00e4t dieser und anderer Websites beeintr\u00e4chtigen.<\/p>\n<h3>Die von uns gesetzten Cookies<\/h3>\n<ul>\n<li>Formularbezogene Cookies: Wenn Sie Daten \u00fcber ein Formular \u00fcbermitteln, wie z. B. Kontaktformulare oder Kommentarformulare, k\u00f6nnen Cookies gesetzt werden, um Ihre Benutzerdaten f\u00fcr zuk\u00fcnftige Korrespondenz zu speichern.<\/li>\n<li>Besuche von Jobb\u00f6rsen: Wenn Sie unsere Website von einer Jobb\u00f6rse aus besuchen, speichern wir in einigen F\u00e4llen die Quelle Ihres Besuchs f\u00fcr die von Ihnen auf unserer Website ausgef\u00fcllten Formulare.<\/li>\n<\/ul>\n<h3>Drittanbieter-Cookies<\/h3>\n<p>In einigen besonderen F\u00e4llen verwenden wir auch Cookies von vertrauensw\u00fcrdigen Drittanbietern. Im Folgenden wird beschrieben, welche Drittanbieter-Cookies Sie auf dieser Website m\u00f6glicherweise antreffen.<\/p>\n<ul>\n<li>Diese Website verwendet Google Analytics, eines der am weitesten verbreiteten Webanalyse-Tools. Dies hilft uns zu verstehen, wie sich Besucher auf unserer Website verhalten. Diese Informationen identifizieren keine Benutzer. Weitere Informationen zu Google Analytics-Cookies finden Sie auf der offiziellen Google Analytics-Seite.<\/li>\n<li>Wir haben eine Live-Chat-Funktion auf unserer Website, die ein Cookie auf Ihrem Ger\u00e4t speichert, um Ihre Einstellungen f\u00fcr Ihren n\u00e4chsten Besuch zu speichern.<\/li>\n<li>Soziale Medien: Auf Seiten, die das Teilen in sozialen Netzwerken erm\u00f6glichen, kann das von uns verwendete Plugin ein Cookie auf Ihrem Ger\u00e4t speichern, ebenso wie eingebettete Inhalte sozialer Medien, z. B. Youtube-Videos, Slideshare-Pr\u00e4sentationen und Tweets.<\/li>\n<\/ul>\n<h3>Weitere Informationen<\/h3>\n<p>Wenn Sie weitere Informationen ben\u00f6tigen, senden Sie bitte eine E-Mail an dpo@whitehallresources.com<\/p>\n\n\t\t<\/div>\n\t\t\t\t\n<style>\n#col-1120588838 > .col-inner {\n  padding: 0% 0px 0px 0%;\n}\n<\/style>\n\t<\/div>\n\n\t\n\n\t<div id=\"col-1861163333\" class=\"col medium-4 small-12 large-4\"  >\n\t\t<div class=\"is-sticky-column\"><div class=\"is-sticky-column__inner\">\t\t<div class=\"col-inner\" style=\"background-color:rgba(46, 45, 119, 0.843);\" >\n\t\t\t\n\t\t\t\n\n<h4>Our Policies<\/h4>\n<div class=\"nav-wrapper\"><ul class=\"nav nav-uppercase nav-vertical nav-line text-left nav-left\"><li class=><a href=\"https:\/\/www.whitehallresources.com\/de\/policies\/agreement-for-work-finding-services\/\">Vereinbarung \u00fcber die Vermittlung von Arbeitsleistungen<\/a><\/li><li class=active><a href=\"https:\/\/www.whitehallresources.com\/de\/policies\/cookie-policy\/\">Cookie-Richtlinie<\/a><\/li><li class=><a href=\"https:\/\/www.whitehallresources.com\/de\/policies\/data-retention-policy\/\">Datenaufbewahrungsrichtlinie<\/a><\/li><li class=><a href=\"https:\/\/www.whitehallresources.com\/de\/policies\/privacy-policy\/\">Datenschutzerkl\u00e4rung<\/a><\/li><li class=><a href=\"https:\/\/www.whitehallresources.com\/de\/policies\/anti-korruptions-und-bestechungspolitik\/\">Anti-Korruptions- und Bestechungspolitik<\/a><\/li><li class=><a href=\"https:\/\/www.whitehallresources.com\/de\/policies\/sustainability\/\">Nachhaltigkeit<\/a><\/li><li class=><a href=\"https:\/\/www.whitehallresources.com\/de\/policies\/criminal-finances-act-2017\/\">Criminal Finances Act 2017 \u2013 Das Gesetz<\/a><\/li><li class=><a href=\"https:\/\/www.whitehallresources.com\/de\/policies\/data-protection-policy\/\">Datenschutzrichtlinie<\/a><\/li><li class=><a href=\"https:\/\/www.whitehallresources.com\/de\/policies\/modern-slavery-human-trafficking-policy\/\">Erkl\u00e4rung zur Bek\u00e4mpfung von Moderner Sklaverei und Menschenhandel<\/a><\/li><\/ul><\/div>\n\n\n\t\t<\/div>\n\t\t<\/div><\/div>\t\t\n<style>\n#col-1861163333 > .is-sticky-column > .is-sticky-column__inner > .col-inner {\n  padding: 5% 5% 5% 5%;\n  border-radius: 10px;\n}\n<\/style>\n\t<\/div>\n\n\t\n\n<\/div>\n\n\t\t<\/div>\n\n\t\t\n<style>\n#section_950035865 {\n  padding-top: 50px;\n  padding-bottom: 50px;\n  background-color: rgb(33, 33, 87);\n}\n@media (min-width:850px) {\n  #section_950035865 {\n    padding-top: 80px;\n    padding-bottom: 80px;\n  }\n}\n<\/style>\n\t<\/section>\n\t\n\n","protected":false},"excerpt":{"rendered":"","protected":false},"author":7,"featured_media":0,"parent":399,"menu_order":0,"comment_status":"closed","ping_status":"closed","template":"","meta":{"_acf_changed":false,"footnotes":""},"class_list":["post-5542","page","type-page","status-publish","hentry"],"acf":[],"_links":{"self":[{"href":"https:\/\/www.whitehallresources.com\/de\/wp-json\/wp\/v2\/pages\/5542","targetHints":{"allow":["GET"]}}],"collection":[{"href":"https:\/\/www.whitehallresources.com\/de\/wp-json\/wp\/v2\/pages"}],"about":[{"href":"https:\/\/www.whitehallresources.com\/de\/wp-json\/wp\/v2\/types\/page"}],"author":[{"embeddable":true,"href":"https:\/\/www.whitehallresources.com\/de\/wp-json\/wp\/v2\/users\/7"}],"replies":[{"embeddable":true,"href":"https:\/\/www.whitehallresources.com\/de\/wp-json\/wp\/v2\/comments?post=5542"}],"version-history":[{"count":6,"href":"https:\/\/www.whitehallresources.com\/de\/wp-json\/wp\/v2\/pages\/5542\/revisions"}],"predecessor-version":[{"id":12531,"href":"https:\/\/www.whitehallresources.com\/de\/wp-json\/wp\/v2\/pages\/5542\/revisions\/12531"}],"up":[{"embeddable":true,"href":"https:\/\/www.whitehallresources.com\/de\/wp-json\/wp\/v2\/pages\/399"}],"wp:attachment":[{"href":"https:\/\/www.whitehallresources.com\/de\/wp-json\/wp\/v2\/media?parent=5542"}],"curies":[{"name":"wp","href":"https:\/\/api.w.org\/{rel}","templated":true}]}}