{"id":5538,"date":"2023-11-30T16:37:33","date_gmt":"2023-11-30T16:37:33","guid":{"rendered":"https:\/\/wh.reach.ninja\/?page_id=5538"},"modified":"2024-09-05T13:52:53","modified_gmt":"2024-09-05T12:52:53","slug":"agreement-for-work-finding-services","status":"publish","type":"page","link":"https:\/\/www.whitehallresources.com\/de\/policies\/agreement-for-work-finding-services\/","title":{"rendered":"Vereinbarung \u00fcber die Vermittlung von Arbeitsleistungen"},"content":{"rendered":"\n\n\t<section class=\"section bg-blue-top dots-b\" id=\"section_1960699897\">\n\t\t<div class=\"section-bg fill\" >\n\t\t\t\t\t\t\t\t\t\n\t\t\t\n\n\t\t<\/div>\n\n\t\t\n\n\t\t<div class=\"section-content relative\">\n\t\t\t\n\n<div class=\"row\"  id=\"row-1204169970\">\n\n\n\t<div id=\"col-1045803858\" class=\"col medium-12 small-12 large-8\"  >\n\t\t\t\t<div class=\"col-inner dark\"  >\n\t\t\t\n\t\t\t\n\n\t<div id=\"text-553023038\" class=\"text max--600\">\n\t\t\n\n<h1 class=\"thin-font\">Vereinbarung \u00fcber die Vermittlung von Arbeitsleistungen<\/h1>\n\n\t\t\t<\/div>\n\t\n<div data-reader-unique-id=\"15\">\n<div data-reader-unique-id=\"23\">\n<div data-reader-unique-id=\"24\">\n<div data-reader-unique-id=\"25\">\n<div data-reader-unique-id=\"26\">\n<div data-reader-unique-id=\"27\">\n<ol>\n<li>Wir sind Whitehall Resources Ltd (\u201eWir\u201c, \u201eUns\u201c und \u201eUnser\u201c), und wir sind im Gesch\u00e4ft der Vermittlung von Arbeitsleistungen (\u201eWFS\u201c), wie in den Conduct of Employment Agencies and Employment Businesses Regulations 2003 (\u201eConduct Regulations\u201c) definiert, f\u00fcr permanente und befristete Kandidaten, die sich auf den IT-Sektor spezialisiert haben, durch die Vorstellung und\/oder Bereitstellung dieser Kandidaten an unsere Kunden.<\/li>\n<\/ol>\n<ol start=\"2\">\n<li>Wir agieren als:\n<ul>\n<li>Arbeitsvermittlungsagentur, wenn wir unbefristete Stellen im Namen von unbefristeten Kandidaten arrangieren; und<\/li>\n<li>Besch\u00e4ftigungsunternehmen, wenn wir befristete Eins\u00e4tze im Namen von befristeten Kandidaten arrangieren, wie in den Conduct Regulations definiert.<\/li>\n<\/ul>\n<\/li>\n<\/ol>\n<ol start=\"3\">\n<li>Sie m\u00f6chten unsere WFS nutzen und suchen entweder unbefristete und\/oder befristete Arbeitsm\u00f6glichkeiten.<\/li>\n<\/ol>\n<ol start=\"4\">\n<li>Diese Vereinbarung erf\u00fcllt die Vorschriften 14 und 15 der Conduct Regulations und gilt nur f\u00fcr WFS. Diese Vereinbarung begr\u00fcndet kein Arbeitsverh\u00e4ltnis zwischen uns und Ihnen.<\/li>\n<\/ol>\n<ol start=\"5\">\n<li>Wir sind nicht verpflichtet und geben keine Zusicherung, dass wir Arbeit f\u00fcr Sie finden k\u00f6nnen oder werden.<\/li>\n<\/ol>\n<ol start=\"6\">\n<li>Wir bieten Ihnen unsere WFS kostenlos an und in \u00dcbereinstimmung mit unserer Datenschutzrichtlinie, die auf unserer Website zug\u00e4nglich ist.<\/li>\n<\/ol>\n<ol start=\"7\">\n<li>Wir werden nach Arbeit f\u00fcr Sie suchen, die angemessene Marktverg\u00fctung und Bedingungen bietet. Ihr Gehalt wird mindestens dem jeweils g\u00fcltigen Mindestlohn entsprechen.<\/li>\n<\/ol>\n<ol start=\"8\">\n<li>Sie haben uns Ihre grundlegenden Daten sowie einen vollst\u00e4ndigen und genauen Lebenslauf zur Registrierung in unserer Datenbank zur Verf\u00fcgung gestellt, um uns zu erm\u00f6glichen, nach eigenem Ermessen nach geeigneten Arbeitsm\u00f6glichkeiten in Ihrem Namen zu suchen.<\/li>\n<\/ol>\n<ol start=\"9\">\n<li>Wenn Sie eine unbefristete Anstellung oder einen befristeten Einsatz erfolgreich finden und, sofern relevant oder gesetzlich vorgeschrieben, einer professionellen Organisation oder unserem Kunden, erkl\u00e4ren Sie sich bereit, uns Folgendes bereitzustellen:<\/li>\n<\/ol>\n<ul>\n<li>einen ordnungsgem\u00e4\u00dfen Nachweis Ihrer Identit\u00e4t, der die Vorlage eines Originalpasses und Ihres Arbeitsrechts im Vereinigten K\u00f6nigreich\/relevanten Land gem\u00e4\u00df den Conduct Regulations und dem Immigration Asylum and Nationality Act 2006\/anderen relevanten Gesetzen umfassen kann;<\/li>\n<li>Best\u00e4tigung aller Qualifikationen oder Zertifikate, die in Ihrem Lebenslauf genannt oder von Ihnen anderweitig offengelegt wurden, die unser Kunde als notwendig erachtet oder die gesetzlich oder von einer professionellen Organisation f\u00fcr die Arbeit in der Position, die unser Kunde besetzen m\u00f6chte, erforderlich sind;<\/li>\n<li>die entsprechende Erlaubnis, Hintergrund\u00fcberpr\u00fcfungen durchzuf\u00fchren, die von Zeit zu Zeit erforderlich sein k\u00f6nnen;<\/li>\n<li>die Namen von zwei Referenzpersonen, von denen wir eine Referenz \u00fcber Sie zum Zweck der Arbeitsvermittlung einholen d\u00fcrfen;<\/li>\n<li>eine vollst\u00e4ndige Erkl\u00e4rung etwaiger L\u00fccken zwischen Anstellungen, einschlie\u00dflich der w\u00e4hrend dieser L\u00fccken durchgef\u00fchrten Aktivit\u00e4ten, soweit dies notwendig und angemessen ist.<\/li>\n<\/ul>\n<ol start=\"10\">\n<li>Wenn Sie einen befristeten Einsatz suchen und erfolgreich sind, schlie\u00dfen wir eine separate Vereinbarung (Dienstleistungsvertrag) mit Ihnen, in der der befristete Einsatz und unsere Bereitstellung Ihrer Dienste an unseren Kunden detailliert beschrieben sind, einschlie\u00dflich, aber nicht beschr\u00e4nkt auf, Verg\u00fctungssatz, Zahlungsfrequenz, Art der Arbeit und K\u00fcndigungsfrist. Die Form dieser Vereinbarung variiert je nach Art Ihrer Dienstleistungserbringung und wird Ihnen zum entsprechenden Zeitpunkt von uns zusammen mit allen anderen relevanten Dokumenten zur Verf\u00fcgung gestellt. Sie werden den befristeten Einsatz als unabh\u00e4ngiger Auftragnehmer ausf\u00fchren.<\/li>\n<\/ol>\n<ol start=\"11\">\n<li>Sie erkl\u00e4ren sich bereit, uns schriftlich zu benachrichtigen, falls Sie Ihre Registrierung in unserer Datenbank entfernen lassen m\u00f6chten. Ungeachtet dessen k\u00f6nnen wir Ihre Daten jederzeit nach eigenem Ermessen aus unserer Datenbank entfernen.<\/li>\n<\/ol>\n<ol start=\"12\">\n<li>Mit Erhalt dieser Vereinbarung stellt jede Handlung Ihrerseits, die darin besteht, unsere WFS zu akzeptieren oder anzufordern oder in irgendeiner Weise Informationen zu nutzen, die von uns bereitgestellt werden, Ihre Annahme dieser Vereinbarung dar.<\/li>\n<\/ol>\n<\/div>\n<\/div>\n<\/div>\n<\/div>\n<\/div>\n<\/div>\n\n\n\t\t<\/div>\n\t\t\t\t\n<style>\n#col-1045803858 > .col-inner {\n  padding: 0% 0px 0px 0%;\n}\n<\/style>\n\t<\/div>\n\n\t\n\n\t<div id=\"col-1677701724\" class=\"col medium-4 small-12 large-4\"  >\n\t\t<div class=\"is-sticky-column\"><div class=\"is-sticky-column__inner\">\t\t<div class=\"col-inner\" style=\"background-color:rgba(46, 45, 119, 0.843);\" >\n\t\t\t\n\t\t\t\n\n<h4>Our Policies<\/h4>\n<div class=\"nav-wrapper\"><ul class=\"nav nav-uppercase nav-vertical nav-line text-left nav-left\"><li class=active><a href=\"https:\/\/www.whitehallresources.com\/de\/policies\/agreement-for-work-finding-services\/\">Vereinbarung \u00fcber die Vermittlung von Arbeitsleistungen<\/a><\/li><li class=><a href=\"https:\/\/www.whitehallresources.com\/de\/policies\/cookie-policy\/\">Cookie-Richtlinie<\/a><\/li><li class=><a href=\"https:\/\/www.whitehallresources.com\/de\/policies\/data-retention-policy\/\">Datenaufbewahrungsrichtlinie<\/a><\/li><li class=><a href=\"https:\/\/www.whitehallresources.com\/de\/policies\/privacy-policy\/\">Datenschutzerkl\u00e4rung<\/a><\/li><li class=><a href=\"https:\/\/www.whitehallresources.com\/de\/policies\/anti-korruptions-und-bestechungspolitik\/\">Anti-Korruptions- und Bestechungspolitik<\/a><\/li><li class=><a href=\"https:\/\/www.whitehallresources.com\/de\/policies\/sustainability\/\">Nachhaltigkeit<\/a><\/li><li class=><a href=\"https:\/\/www.whitehallresources.com\/de\/policies\/criminal-finances-act-2017\/\">Criminal Finances Act 2017 \u2013 Das Gesetz<\/a><\/li><li class=><a href=\"https:\/\/www.whitehallresources.com\/de\/policies\/data-protection-policy\/\">Datenschutzrichtlinie<\/a><\/li><li class=><a href=\"https:\/\/www.whitehallresources.com\/de\/policies\/modern-slavery-human-trafficking-policy\/\">Erkl\u00e4rung zur Bek\u00e4mpfung von Moderner Sklaverei und Menschenhandel<\/a><\/li><\/ul><\/div>\n\n\n\t\t<\/div>\n\t\t<\/div><\/div>\t\t\n<style>\n#col-1677701724 > .is-sticky-column > .is-sticky-column__inner > .col-inner {\n  padding: 5% 5% 5% 5%;\n  border-radius: 10px;\n}\n<\/style>\n\t<\/div>\n\n\t\n\n<\/div>\n\n\t\t<\/div>\n\n\t\t\n<style>\n#section_1960699897 {\n  padding-top: 50px;\n  padding-bottom: 50px;\n  background-color: rgb(33, 33, 87);\n}\n@media (min-width:850px) {\n  #section_1960699897 {\n    padding-top: 80px;\n    padding-bottom: 80px;\n  }\n}\n<\/style>\n\t<\/section>\n\t\n\n","protected":false},"excerpt":{"rendered":"","protected":false},"author":7,"featured_media":0,"parent":399,"menu_order":0,"comment_status":"closed","ping_status":"closed","template":"","meta":{"_acf_changed":false,"footnotes":""},"class_list":["post-5538","page","type-page","status-publish","hentry"],"acf":[],"_links":{"self":[{"href":"https:\/\/www.whitehallresources.com\/de\/wp-json\/wp\/v2\/pages\/5538","targetHints":{"allow":["GET"]}}],"collection":[{"href":"https:\/\/www.whitehallresources.com\/de\/wp-json\/wp\/v2\/pages"}],"about":[{"href":"https:\/\/www.whitehallresources.com\/de\/wp-json\/wp\/v2\/types\/page"}],"author":[{"embeddable":true,"href":"https:\/\/www.whitehallresources.com\/de\/wp-json\/wp\/v2\/users\/7"}],"replies":[{"embeddable":true,"href":"https:\/\/www.whitehallresources.com\/de\/wp-json\/wp\/v2\/comments?post=5538"}],"version-history":[{"count":7,"href":"https:\/\/www.whitehallresources.com\/de\/wp-json\/wp\/v2\/pages\/5538\/revisions"}],"predecessor-version":[{"id":12530,"href":"https:\/\/www.whitehallresources.com\/de\/wp-json\/wp\/v2\/pages\/5538\/revisions\/12530"}],"up":[{"embeddable":true,"href":"https:\/\/www.whitehallresources.com\/de\/wp-json\/wp\/v2\/pages\/399"}],"wp:attachment":[{"href":"https:\/\/www.whitehallresources.com\/de\/wp-json\/wp\/v2\/media?parent=5538"}],"curies":[{"name":"wp","href":"https:\/\/api.w.org\/{rel}","templated":true}]}}