{"id":450,"date":"2023-10-18T15:24:37","date_gmt":"2023-10-18T14:24:37","guid":{"rendered":"https:\/\/wh.reach.ninja\/?page_id=450"},"modified":"2024-09-05T09:33:20","modified_gmt":"2024-09-05T08:33:20","slug":"promote-your-vacancy","status":"publish","type":"page","link":"https:\/\/www.whitehallresources.com\/de\/services\/promote-your-vacancy\/","title":{"rendered":"Bewerben Sie Ihre offene Stelle"},"content":{"rendered":"\n\n\t<section class=\"section\" id=\"section_1644992484\">\n\t\t<div class=\"section-bg fill\" >\n\t\t\t\t\t\t\t\t\t\n\t\t\t\n\n\t\t<\/div>\n\n\t\t\n\n\t\t<div class=\"section-content relative\">\n\t\t\t\n\n<div class=\"row row-collapse row-full-width sub-nav-row\"  id=\"row-1387699864\">\n\n\n\t<div id=\"col-263618638\" class=\"col medium-12 small-12 large-12\"  >\n\t\t\t\t<div class=\"col-inner\"  >\n\t\t\t\n\t\t\t\n\n\t<div id=\"stack-2633275534\" class=\"stack cus-banner-links-cont stack-row justify-center items-stretch\">\n\t\t\n\n<a href=\"\/services\/sap-recruitment\/\" class=\"button white is-link is-large lowercase cus-banner-links\" >\n\t\t<span>SAP-Rekrutierung<\/span>\n\t<\/a>\n\n\n<a href=\"\/services\/it-recruitment\/\" class=\"button white is-link is-large lowercase cus-banner-links\" >\n\t\t<span>IT-Rekrutierung<\/span>\n\t<\/a>\n\n\n<a href=\"\/services\/data-recruitment\/\" class=\"button white is-link is-large lowercase cus-banner-links\" >\n\t\t<span>Data-Rekrutierung<\/span>\n\t<\/a>\n\n\n<a href=\"\/services\/contractor-payroll\/\" class=\"button white is-link is-large lowercase cus-banner-links\" >\n\t\t<span>Auftragnehmer-Passthrough-Service<\/span>\n\t<\/a>\n\n\n<a href=\"\/services\/testimonials\/\" class=\"button white is-link is-large lowercase cus-banner-links\" >\n\t\t<span>Referenzen<\/span>\n\t<\/a>\n\n\n<a href=\"\/credit-rating\/\" class=\"button white is-link is-large lowercase cus-banner-links\" >\n\t\t<span>Bonit\u00e4tsrating<\/span>\n\t<\/a>\n\n\n\n\t\t\n<style>\n#stack-2633275534 > * {\n  --stack-gap: 1rem;\n}\n<\/style>\n\t<\/div>\n\t\n\n\t\t<\/div>\n\t\t\t\t\t<\/div>\n\n\t\n\n<\/div>\n\n\t\t<\/div>\n\n\t\t\n<style>\n#section_1644992484 {\n  padding-top: 0px;\n  padding-bottom: 0px;\n  background-color: rgb(38, 38, 105);\n}\n<\/style>\n\t<\/section>\n\t\n\n\t<section class=\"section woman-br bg-blend2 stretch-children-vert sec-inner-stretch\" id=\"section_1169758794\">\n\t\t<div class=\"section-bg fill\" >\n\t\t\t\t\t\t\t\t\t\n\t\t\t\n\n\t\t<\/div>\n\n\t\t\n\n\t\t<div class=\"section-content relative\">\n\t\t\t\n\n<div class=\"row row-collapse\"  id=\"row-762919179\">\n\n\n\t<div id=\"col-1820941130\" class=\"col small-12 large-12\"  data-animate=\"fadeInUp\">\n\t\t\t\t<div class=\"col-inner\"  >\n\t\t\t\n\t\t\t\n\n\t<div id=\"gap-167724100\" class=\"gap-element clearfix\" style=\"display:block; height:auto;\">\n\t\t\n<style>\n#gap-167724100 {\n  padding-top: 40px;\n}\n@media (min-width:550px) {\n  #gap-167724100 {\n    padding-top: 150px;\n  }\n}\n<\/style>\n\t<\/div>\n\t\n\n<h1 class=\"big max-w-700 text-reveal-instant\">M\u00f6chten Sie unsere \u00fcber 20.000 monatlichen Website-Besucher mit Ihrer spannenden Gelegenheit erreichen?<\/h1>\n\n\t\t<\/div>\n\t\t\t\t\t<\/div>\n\n\t\n\n\t<div id=\"col-1615617609\" class=\"col small-12 large-12\"  data-animate=\"fadeInLeft\">\n\t\t\t\t<div class=\"col-inner\"  >\n\t\t\t\n\t\t\t\n\n<h5 class=\"max-w-600\">Laden Sie Ihre offene Stelle \u00fcber das untenstehende Formular hoch und erweitern Sie sofort die Reichweite Ihres Unternehmens. Mit unserem Talent, die perfekte Kombination aus F\u00e4higkeiten, Erfahrung und Pers\u00f6nlichkeit f\u00fcr Ihre Stelle zu finden, k\u00f6nnen Sie sicher sein, dass wir die richtige \u00dcbereinstimmung finden werden.<\/h5>\n\t<div id=\"gap-710203694\" class=\"gap-element clearfix\" style=\"display:block; height:auto;\">\n\t\t\n<style>\n#gap-710203694 {\n  padding-top: 40px;\n}\n@media (min-width:550px) {\n  #gap-710203694 {\n    padding-top: 80px;\n  }\n}\n<\/style>\n\t<\/div>\n\t\n\n\n\t\t<\/div>\n\t\t\t\t\t<\/div>\n\n\t\n\n<\/div>\n\n\t\t<\/div>\n\n\t\t\n<style>\n#section_1169758794 {\n  padding-top: 0px;\n  padding-bottom: 0px;\n  min-height: 70vh;\n}\n#section_1169758794 .section-bg-overlay {\n  background-color: rgba(46, 45, 119, 0.692);\n}\n<\/style>\n\t<\/section>\n\t\n\n\t<section class=\"section bg-blue-top sec-norm-p\" id=\"section_57559136\">\n\t\t<div class=\"section-bg fill\" >\n\t\t\t\t\t\t\t\t\t\n\t\t\t\n\n\t\t<\/div>\n\n\t\t\n\n\t\t<div class=\"section-content relative\">\n\t\t\t\n\n<div class=\"row\"  id=\"row-1064949411\">\n\n\n\t<div id=\"col-1258207216\" class=\"col small-12 large-12\"  >\n\t\t\t\t<div class=\"col-inner\"  >\n\t\t\t\n\t\t\t\n\n\t<div id=\"text-4196411485\" class=\"text\">\n\t\t\n\n<h2>Laden Sie Ihre offene Stelle hoch<\/h2>\n\t\t\n<style>\n#text-4196411485 {\n  text-align: center;\n}\n<\/style>\n\t<\/div>\n\t\n\n<div class=\"wpcf7 no-js\" id=\"wpcf7-f545-o1\" lang=\"en-GB\" dir=\"ltr\" data-wpcf7-id=\"545\">\n<div class=\"screen-reader-response\"><p role=\"status\" aria-live=\"polite\" aria-atomic=\"true\"><\/p> <ul><\/ul><\/div>\n<form action=\"\/de\/wp-json\/wp\/v2\/pages\/450#wpcf7-f545-o1\" method=\"post\" class=\"wpcf7-form init\" aria-label=\"Contact form\" enctype=\"multipart\/form-data\" novalidate=\"novalidate\" data-status=\"init\">\n<fieldset class=\"hidden-fields-container\"><input type=\"hidden\" name=\"_wpcf7\" value=\"545\" \/><input type=\"hidden\" name=\"_wpcf7_version\" value=\"6.1.5\" \/><input type=\"hidden\" name=\"_wpcf7_locale\" value=\"en_GB\" \/><input type=\"hidden\" name=\"_wpcf7_unit_tag\" value=\"wpcf7-f545-o1\" \/><input type=\"hidden\" name=\"_wpcf7_container_post\" value=\"0\" \/><input type=\"hidden\" name=\"_wpcf7_posted_data_hash\" value=\"\" \/><input type=\"hidden\" name=\"_wpcf7_recaptcha_response\" value=\"\" \/>\n<\/fieldset>\n<div class=\"rd-form rd-form--open-role style-round light\">\n\n<div class=\"form-cols\">\n\n<div class=\"form-item\">\n<label for=\"first-name\">Vorname<\/label>\n<span class=\"wpcf7-form-control-wrap\" data-name=\"first-name\"><input size=\"40\" maxlength=\"400\" class=\"wpcf7-form-control wpcf7-text wpcf7-validates-as-required\" aria-required=\"true\" aria-invalid=\"false\" value=\"\" type=\"text\" name=\"first-name\" \/><\/span>\n<\/div>\n<div class=\"form-item\">\n<label for='last-name'>Nachname<\/label>\n<span class=\"wpcf7-form-control-wrap\" data-name=\"last-name\"><input size=\"40\" maxlength=\"400\" class=\"wpcf7-form-control wpcf7-text wpcf7-validates-as-required\" aria-required=\"true\" aria-invalid=\"false\" value=\"\" type=\"text\" name=\"last-name\" \/><\/span>\n<\/div>\n\n<\/div>\n\n<div class=\"form-cols\">\n\n<div class=\"form-item\">\n<label for='telephone'>Telefonnummer<\/label>\n<span class=\"wpcf7-form-control-wrap\" data-name=\"telephone\"><input size=\"40\" maxlength=\"400\" class=\"wpcf7-form-control wpcf7-tel wpcf7-validates-as-required wpcf7-text wpcf7-validates-as-tel\" aria-required=\"true\" aria-invalid=\"false\" value=\"\" type=\"tel\" name=\"telephone\" \/><\/span> \n<\/div>\n<div class=\"form-item\">\n<label for='email'>E-Mail-Adresse<\/label>\n<span class=\"wpcf7-form-control-wrap\" data-name=\"email\"><input size=\"40\" maxlength=\"400\" class=\"wpcf7-form-control wpcf7-email wpcf7-validates-as-required wpcf7-text wpcf7-validates-as-email\" aria-required=\"true\" aria-invalid=\"false\" value=\"\" type=\"email\" name=\"email\" \/><\/span>\n<\/div>\n\n<\/div>\n\n<div class=\"form-cols\">\n\n<div class=\"form-item\">\n<label for='company-name'>Firmenname<\/label>\n<span class=\"wpcf7-form-control-wrap\" data-name=\"company-name\"><input size=\"40\" maxlength=\"400\" class=\"wpcf7-form-control wpcf7-text wpcf7-validates-as-required\" aria-required=\"true\" aria-invalid=\"false\" value=\"\" type=\"text\" name=\"company-name\" \/><\/span>\n<\/div>\n\n<div class=\"form-item\">\n<label for=\"region\">Region<\/label>\n<span class=\"wpcf7-form-control-wrap\" data-name=\"region\"><select class=\"wpcf7-form-control wpcf7-select\" aria-invalid=\"false\" name=\"region\"><option value=\"-Bitte ausw\u00e4hlen-\">-Bitte ausw\u00e4hlen-<\/option><option value=\"UK\">UK<\/option><option value=\"EUROPA\">EUROPA<\/option><option value=\"USA\">USA<\/option><option value=\"MENA\">MENA<\/option><\/select><\/span><\/label>\n<\/div>\n\n<\/div>\n\n<div class=\"form-item\">\n<label for=\"referral\">Wie haben Sie von uns geh\u00f6rt?<\/label>\n<span class=\"wpcf7-form-control-wrap\" data-name=\"referral\"><select class=\"wpcf7-form-control wpcf7-select wpcf7-validates-as-required\" aria-required=\"true\" aria-invalid=\"false\" name=\"referral\"><option value=\"\">- Bitte ausw\u00e4hlen -<\/option><option value=\"Suchmaschine (Google, Bing etc.)\">Suchmaschine (Google, Bing etc.)<\/option><option value=\"Soziale Medien\">Soziale Medien<\/option><option value=\"Freund oder Kollege\">Freund oder Kollege<\/option><option value=\"Presse oder Artikel\">Presse oder Artikel<\/option><option value=\"Sonstiges\">Sonstiges<\/option><\/select><\/span>\n<\/div>\n\n<div class=\"form-item\">\n<span class=\"wpcf7-form-control-wrap\" data-name=\"terms\"><span class=\"wpcf7-form-control wpcf7-checkbox\"><span class=\"wpcf7-list-item first last\"><label><input type=\"checkbox\" name=\"terms[]\" value=\"Durch das Absenden dieses Formulars stimmen Sie zu, dass wir Ihre Daten gem\u00e4\u00df der DSGVO-Vorschriften zum Zweck der Rekrutierungsdienste speichern. Sie k\u00f6nnen sich jederzeit abmelden. Wir verwenden Ihre pers\u00f6nlichen Daten nur gem\u00e4\u00df unserer Datenschutzerkl\u00e4rung.\" \/><span class=\"wpcf7-list-item-label\">Durch das Absenden dieses Formulars stimmen Sie zu, dass wir Ihre Daten gem\u00e4\u00df der DSGVO-Vorschriften zum Zweck der Rekrutierungsdienste speichern. Sie k\u00f6nnen sich jederzeit abmelden. Wir verwenden Ihre pers\u00f6nlichen Daten nur gem\u00e4\u00df unserer Datenschutzerkl\u00e4rung.<\/span><\/label><\/span><\/span><\/span>\n<\/div>\n\n<div class=\"form-item max--600\">\n    <div class=\"file-wrapper file-cv\">\n        <label><span class=\"label-text\">Laden Sie Ihre Stellenbeschreibung hoch<\/span><span class=\"wpcf7-form-control-wrap\" data-name=\"file-cv\"><input size=\"40\" class=\"wpcf7-form-control wpcf7-file wpcf7-validates-as-required\" accept=\".pdf,.doc,.docx\" aria-required=\"true\" aria-invalid=\"false\" type=\"file\" name=\"file-cv\" \/><\/span>\n        <span class=\"file-custom\"><\/span>\n        <\/label>\n    <\/div>\n<\/div>\n\n<div class=\"form-submit text-center mt--60\">\n<input class=\"wpcf7-form-control wpcf7-submit has-spinner c-bg-sec lowercase\" type=\"submit\" value=\"Stellenbeschreibung hochladen\" \/>\n<\/div>\n\n<\/div><div class=\"wpcf7-response-output\" aria-hidden=\"true\"><\/div>\n<\/form>\n<\/div>\n\n\n\t<div id=\"gap-1484431424\" class=\"gap-element clearfix\" style=\"display:block; height:auto;\">\n\t\t\n<style>\n#gap-1484431424 {\n  padding-top: 30px;\n}\n<\/style>\n\t<\/div>\n\t\n\n\n\t\t<\/div>\n\t\t\t\t\t<\/div>\n\n\t\n\n<\/div>\n\n\t\t<\/div>\n\n\t\t\n<style>\n#section_57559136 {\n  padding-top: 80px;\n  padding-bottom: 80px;\n}\n<\/style>\n\t<\/section>\n\t\n\n","protected":false},"excerpt":{"rendered":"","protected":false},"author":1,"featured_media":0,"parent":1959,"menu_order":0,"comment_status":"closed","ping_status":"closed","template":"","meta":{"_acf_changed":false,"footnotes":""},"class_list":["post-450","page","type-page","status-publish","hentry"],"acf":[],"_links":{"self":[{"href":"https:\/\/www.whitehallresources.com\/de\/wp-json\/wp\/v2\/pages\/450","targetHints":{"allow":["GET"]}}],"collection":[{"href":"https:\/\/www.whitehallresources.com\/de\/wp-json\/wp\/v2\/pages"}],"about":[{"href":"https:\/\/www.whitehallresources.com\/de\/wp-json\/wp\/v2\/types\/page"}],"author":[{"embeddable":true,"href":"https:\/\/www.whitehallresources.com\/de\/wp-json\/wp\/v2\/users\/1"}],"replies":[{"embeddable":true,"href":"https:\/\/www.whitehallresources.com\/de\/wp-json\/wp\/v2\/comments?post=450"}],"version-history":[{"count":28,"href":"https:\/\/www.whitehallresources.com\/de\/wp-json\/wp\/v2\/pages\/450\/revisions"}],"predecessor-version":[{"id":12463,"href":"https:\/\/www.whitehallresources.com\/de\/wp-json\/wp\/v2\/pages\/450\/revisions\/12463"}],"up":[{"embeddable":true,"href":"https:\/\/www.whitehallresources.com\/de\/wp-json\/wp\/v2\/pages\/1959"}],"wp:attachment":[{"href":"https:\/\/www.whitehallresources.com\/de\/wp-json\/wp\/v2\/media?parent=450"}],"curies":[{"name":"wp","href":"https:\/\/api.w.org\/{rel}","templated":true}]}}