{"id":419,"date":"2023-10-16T17:30:17","date_gmt":"2023-10-16T16:30:17","guid":{"rendered":"https:\/\/wh.reach.ninja\/?page_id=419"},"modified":"2024-09-05T14:05:00","modified_gmt":"2024-09-05T13:05:00","slug":"criminal-finances-act-2017","status":"publish","type":"page","link":"https:\/\/www.whitehallresources.com\/de\/policies\/criminal-finances-act-2017\/","title":{"rendered":"Criminal Finances Act 2017 \u2013 Das Gesetz"},"content":{"rendered":"\n\n\t<section class=\"section bg-blue-top dots-b\" id=\"section_138444736\">\n\t\t<div class=\"section-bg fill\" >\n\t\t\t\t\t\t\t\t\t\n\t\t\t\n\n\t\t<\/div>\n\n\t\t\n\n\t\t<div class=\"section-content relative\">\n\t\t\t\n\n<div class=\"row\"  id=\"row-1153664568\">\n\n\n\t<div id=\"col-182829740\" class=\"col medium-12 small-12 large-8\"  >\n\t\t\t\t<div class=\"col-inner dark\"  >\n\t\t\t\n\t\t\t\n\n\t<div id=\"text-239713026\" class=\"text max--600\">\n\t\t\n\n<h1>Criminal Finances Act 2017 \u2013 Das Gesetz<\/h1>\n\n\t\t\t<\/div>\n\t\n<div data-reader-unique-id=\"15\">\n<div data-reader-unique-id=\"23\">\n<div data-reader-unique-id=\"24\">\n<div data-reader-unique-id=\"25\">\n<div data-reader-unique-id=\"26\">\n<div data-reader-unique-id=\"27\">\n<h3>Was ist das Criminal Finances Act 2017?<\/h3>\n<p>Das Criminal Finances Act 2017 f\u00fchrt zwei neue strafrechtliche Unternehmensdelikte ein: das \u201eVers\u00e4umnis zu verhindern\u201c, dass die Erleichterung von Steuerhinterziehung, entweder im Vereinigten K\u00f6nigreich oder im Ausland, durch eine mit einem Unternehmen (oder einer LLP) verbundene Person begangen wird. Unternehmen k\u00f6nnen strafrechtlich haftbar gemacht werden, wenn sie die Erleichterung von Steuerhinterziehungsdelikten nicht verhindern.<\/p>\n<p>Es handelt sich um eine Gesetzgebung, die den Rekrutierungssektor betrifft, da Unternehmen strafrechtlich haftbar gemacht werden k\u00f6nnen, wenn sie Steuerhinterziehung durch ein Mitglied ihres Personals oder einen externen Agenten nicht verhindern, selbst wenn das Unternehmen an der Tat nicht beteiligt war oder die Direktoren und F\u00fchrungskr\u00e4fte nichts davon wussten.<\/p>\n<h3>Was ist die Erleichterung von Steuerhinterziehung?<\/h3>\n<p>Steuerhinterziehung: bedeutet ein Vergehen des Betrugs gegen\u00fcber dem Staat oder das betr\u00fcgerische Umgehen von Steuern im Vereinigten K\u00f6nigreich und stellt eine Straftat dar. Das Delikt erfordert ein Element des Betrugs, was bedeutet, dass eine vors\u00e4tzliche Handlung oder Unterlassung mit unehrlicher Absicht vorliegen muss.<\/p>\n<p>Ausl\u00e4ndische Steuerhinterziehung: bedeutet das Umgehen von Steuern in einem anderen Land, vorausgesetzt, dass das Verhalten in diesem Land eine Straftat darstellt und auch im Vereinigten K\u00f6nigreich eine Straftat w\u00e4re. Wie bei der Steuerhinterziehung muss es ein betr\u00fcgerisches Element geben, das vors\u00e4tzliche Handlungen oder Unterlassungen mit unehrlicher Absicht einschlie\u00dft.<\/p>\n<p>Erleichterung der Steuerhinterziehung: bedeutet, wissentlich an der betr\u00fcgerischen Steuerhinterziehung (sei es im Vereinigten K\u00f6nigreich oder im Ausland) einer anderen Person beteiligt zu sein oder Schritte zur Unterst\u00fctzung, Anstiftung oder F\u00f6rderung dieses Delikts zu unternehmen. Die Erleichterung der Steuerhinterziehung ist eine Straftat, wenn sie vors\u00e4tzlich und unehrlich begangen wird.<\/p>\n<p>Steuern: bedeutet alle Formen der Besteuerung im Vereinigten K\u00f6nigreich, einschlie\u00dflich, aber nicht beschr\u00e4nkt auf K\u00f6rperschaftssteuer, Einkommensteuer, Mehrwertsteuer, Stempelsteuer, Stempelsteuer auf Immobilienk\u00e4ufe, nationale Versicherungsbeitr\u00e4ge (und deren \u00c4quivalente in Nicht-UK-Jurisdiktionen) sowie Abgaben und jede andere Form der Besteuerung (gleich welcher Art).<\/p>\n<h3>Delikte und angemessene Pr\u00e4vention<\/h3>\n<p>Unternehmen m\u00fcssen f\u00fcr die Handlungen ihrer Mitarbeiter oder Partner verantwortlich sein, was weit ausgelegt werden kann und Dienstleister und Agenten einschlie\u00dft, die eine Person (einschlie\u00dflich Auftragnehmer und Lieferanten) bei der Begehung eines Steuerhinterziehungsdelikts im Vereinigten K\u00f6nigreich oder im Ausland unterst\u00fctzen.<\/p>\n<p>Unternehmen k\u00f6nnen haftbar gemacht werden, auch wenn die Direktoren nicht beteiligt oder nicht informiert sind. Es muss jedoch eine kriminelle Absicht und eine betr\u00fcgerische Steuerhinterziehung vorliegen; es muss eine unehrliche Absicht vorliegen, keine Steuern zu melden.<\/p>\n<p>Die Existenz angemessener Pr\u00e4ventionsverfahren ist die Standardverteidigung. Das Unternehmen muss nachweisen k\u00f6nnen, dass:<\/p>\n<ul>\n<li>es solche \u201ePr\u00e4ventionsverfahren\u201c hatte, d. h. Verfahren, die darauf abzielen, dass verbundene Personen keine Steuerhinterziehungsdelikte erleichtern, wie es in den gegebenen Umst\u00e4nden vern\u00fcnftigerweise zu erwarten war; oder<\/li>\n<li>es in allen Umst\u00e4nden nicht vern\u00fcnftig war, zu erwarten, dass Pr\u00e4ventionsverfahren existierten.<\/li>\n<\/ul>\n<h2>Anti-Steuerhinterziehungspolitik von Whitehall Resources<\/h2>\n<p>In unserem t\u00e4glichen Gesch\u00e4ft, wie der \u00dcberpr\u00fcfung von IR35-Entscheidungen f\u00fcr den privaten oder \u00f6ffentlichen Sektor, dem Einsatz von Auftragnehmern durch konforme Dachgesellschaften oder der Zusammenarbeit mit konformen Personal Service Companies, besteht ein geringes Risiko.<\/p>\n<p>Dennoch haben wir eine Erkl\u00e4rung unserer Unternehmenswerte zur Bek\u00e4mpfung der Steuerhinterziehung angenommen. Es ist unsere Politik, alle unsere Gesch\u00e4ftst\u00e4tigkeiten ehrlich und ethisch korrekt durchzuf\u00fchren.<\/p>\n<p>Wir fordern alle unsere Mitarbeiter und alle, die eine Gesch\u00e4ftsbeziehung mit uns haben oder anstreben, auf, sich mit unserer Anti-Steuerhinterziehungs-Wertedeklaration vertraut zu machen und jederzeit im Einklang mit dieser zu handeln.<\/p>\n<h3>Wertedeklaration zur Bek\u00e4mpfung der Steuerhinterziehung<\/h3>\n<p>Wir haben eine Null-Toleranz-Politik gegen\u00fcber allen Formen der Steuerhinterziehung, sei es nach britischem Recht oder nach dem Recht eines anderen Landes.<\/p>\n<p>Mitarbeiter und Partner d\u00fcrfen keine Transaktionen durchf\u00fchren, die:<\/p>\n<ul>\n<li>uns zu einem Steuerhinterziehungsdelikt f\u00fchren; oder<\/li>\n<li>die Erleichterung eines Steuerhinterziehungsdelikts durch Dritte erm\u00f6glichen.<\/li>\n<\/ul>\n<p>Wir verpflichten uns, professionell, fair und integer in allen unseren Gesch\u00e4ftst\u00e4tigkeiten und Beziehungen zu handeln, egal wo wir t\u00e4tig sind, und wir setzen wirksame Systeme zur Bek\u00e4mpfung der Steuerhinterziehung um und durch.<\/p>\n<p>Zu jeder Zeit sollte das Gesch\u00e4ft so gef\u00fchrt werden, dass die M\u00f6glichkeit und das Auftreten von Steuerhinterziehung verhindert wird.<\/p>\n<h3>Wer muss diese Richtlinie befolgen?<\/h3>\n<p>Diese Richtlinie gilt f\u00fcr alle Personen, die f\u00fcr uns arbeiten, einschlie\u00dflich Mitarbeiter aller Ebenen, Direktoren, F\u00fchrungskr\u00e4fte und Partner.<\/p>\n<h3>Wer ist f\u00fcr diese Richtlinie verantwortlich?<\/h3>\n<p>Unsere Direktoren tragen die Gesamtverantwortung daf\u00fcr, dass diese Richtlinie unseren gesetzlichen Verpflichtungen entspricht und dass unsere Mitarbeiter und Partner sie einhalten. Diese Richtlinie kann jederzeit nach unserem Ermessen ge\u00e4ndert oder zur\u00fcckgezogen werden. F\u00fchrungskr\u00e4fte sind daf\u00fcr verantwortlich, dass ihre Untergebenen die Richtlinie verstehen und einhalten.<\/p>\n<h3>Was sollten Mitarbeiter und Partner tun\/nicht tun?<\/h3>\n<p>Mitarbeiter und Partner m\u00fcssen jederzeit unsere Wertedeklaration zur Bek\u00e4mpfung der Steuerhinterziehung einhalten und sicherstellen, dass sie diese Richtlinie lesen, verstehen und befolgen.<\/p>\n<p>Es ist f\u00fcr Mitarbeiter und\/oder Partner nicht akzeptabel:<\/p>\n<ul>\n<li>In irgendeiner Form an der Erleichterung von Steuerhinterziehung oder ausl\u00e4ndischer Steuerhinterziehung beteiligt zu sein;<\/li>\n<li>Die Begehung eines Steuerhinterziehungsdelikts oder eines ausl\u00e4ndischen Steuerhinterziehungsdelikts durch eine andere Person zu unterst\u00fctzen, zu f\u00f6rdern oder zu beraten;<\/li>\n<li>Es zu vers\u00e4umen, eine Anfrage oder Aufforderung eines Dritten zur Erleichterung der betr\u00fcgerischen Steuerhinterziehung einer anderen Person unverz\u00fcglich zu melden, wie in dieser Richtlinie festgelegt;<\/li>\n<li>Sich an einer anderen T\u00e4tigkeit zu beteiligen, die zu einem Versto\u00df gegen diese Richtlinie f\u00fchren k\u00f6nnte; oder<\/li>\n<li>Eine andere Person zu bedrohen oder zu bestrafen, die sich geweigert hat, ein Steuerhinterziehungsdelikt zu begehen oder die Bedenken im Rahmen dieser Richtlinie ge\u00e4u\u00dfert hat.<\/li>\n<\/ul>\n<h3>Pr\u00e4vention durch Wachsamkeit<\/h3>\n<p>Es gibt keine ersch\u00f6pfende Liste von M\u00f6glichkeiten zur Steuerhinterziehung. Auf allgemeiner Ebene bleibt die Wachsamkeit unserer Mitarbeiter und Partner sowie der Einsatz eines gesunden Menschenverstandes die beste Verteidigung gegen Steuerhinterziehung und deren Erleichterung:<\/p>\n<ul>\n<li>Gibt es etwas Ungew\u00f6hnliches an der Art und Weise, wie ein Partner unsere Beziehung zu uns oder zu einem Dritten f\u00fchrt?<\/li>\n<li>Gibt es etwas Ungew\u00f6hnliches am Verhalten des Dritten oder Partners?<\/li>\n<li>Gibt es ungew\u00f6hnliche Zahlungsmethoden?<\/li>\n<\/ul>\n<h3>Wie man Bedenken \u00e4u\u00dfern kann<\/h3>\n<p>Unsere Mitarbeiter haben die Verantwortung, angemessene Ma\u00dfnahmen zu ergreifen, um uns keinen Schaden zuzuf\u00fcgen und verd\u00e4chtige Aktivit\u00e4ten zu melden. Wir halten unsere Mitarbeiter f\u00fcr ihre Handlungen und Unterlassungen verantwortlich, und jede Handlung, die gegen das Criminal Finances Act oder die Steuergesetze verst\u00f6\u00dft, wird nicht toleriert.<\/p>\n<\/div>\n<\/div>\n<\/div>\n<\/div>\n<\/div>\n<\/div>\n\n\n\t\t<\/div>\n\t\t\t\t\n<style>\n#col-182829740 > .col-inner {\n  padding: 0% 0px 0px 0%;\n}\n<\/style>\n\t<\/div>\n\n\t\n\n\t<div id=\"col-1703609439\" class=\"col medium-4 small-12 large-4\"  >\n\t\t<div class=\"is-sticky-column\"><div class=\"is-sticky-column__inner\">\t\t<div class=\"col-inner\" style=\"background-color:rgba(46, 45, 119, 0.843);\" >\n\t\t\t\n\t\t\t\n\n<h4>Our Policies<\/h4>\n<div class=\"nav-wrapper\"><ul class=\"nav nav-uppercase nav-vertical nav-simple text-left nav-left\"><li class=><a href=\"https:\/\/www.whitehallresources.com\/de\/policies\/agreement-for-work-finding-services\/\">Vereinbarung \u00fcber die Vermittlung von Arbeitsleistungen<\/a><\/li><li class=><a href=\"https:\/\/www.whitehallresources.com\/de\/policies\/cookie-policy\/\">Cookie-Richtlinie<\/a><\/li><li class=><a href=\"https:\/\/www.whitehallresources.com\/de\/policies\/data-retention-policy\/\">Datenaufbewahrungsrichtlinie<\/a><\/li><li class=><a href=\"https:\/\/www.whitehallresources.com\/de\/policies\/privacy-policy\/\">Datenschutzerkl\u00e4rung<\/a><\/li><li class=><a href=\"https:\/\/www.whitehallresources.com\/de\/policies\/anti-korruptions-und-bestechungspolitik\/\">Anti-Korruptions- und Bestechungspolitik<\/a><\/li><li class=><a href=\"https:\/\/www.whitehallresources.com\/de\/policies\/sustainability\/\">Nachhaltigkeit<\/a><\/li><li class=active><a href=\"https:\/\/www.whitehallresources.com\/de\/policies\/criminal-finances-act-2017\/\">Criminal Finances Act 2017 \u2013 Das Gesetz<\/a><\/li><li class=><a href=\"https:\/\/www.whitehallresources.com\/de\/policies\/data-protection-policy\/\">Datenschutzrichtlinie<\/a><\/li><li class=><a href=\"https:\/\/www.whitehallresources.com\/de\/policies\/modern-slavery-human-trafficking-policy\/\">Erkl\u00e4rung zur Bek\u00e4mpfung von Moderner Sklaverei und Menschenhandel<\/a><\/li><\/ul><\/div>\n\n\n\t\t<\/div>\n\t\t<\/div><\/div>\t\t\n<style>\n#col-1703609439 > .is-sticky-column > .is-sticky-column__inner > .col-inner {\n  padding: 5% 5% 5% 5%;\n  border-radius: 10px;\n}\n<\/style>\n\t<\/div>\n\n\t\n\n<\/div>\n\n\t\t<\/div>\n\n\t\t\n<style>\n#section_138444736 {\n  padding-top: 50px;\n  padding-bottom: 50px;\n  background-color: rgb(33, 33, 87);\n}\n@media (min-width:850px) {\n  #section_138444736 {\n    padding-top: 80px;\n    padding-bottom: 80px;\n  }\n}\n<\/style>\n\t<\/section>\n\t\n\n","protected":false},"excerpt":{"rendered":"","protected":false},"author":1,"featured_media":0,"parent":399,"menu_order":0,"comment_status":"closed","ping_status":"closed","template":"","meta":{"_acf_changed":false,"footnotes":""},"class_list":["post-419","page","type-page","status-publish","hentry"],"acf":[],"_links":{"self":[{"href":"https:\/\/www.whitehallresources.com\/de\/wp-json\/wp\/v2\/pages\/419","targetHints":{"allow":["GET"]}}],"collection":[{"href":"https:\/\/www.whitehallresources.com\/de\/wp-json\/wp\/v2\/pages"}],"about":[{"href":"https:\/\/www.whitehallresources.com\/de\/wp-json\/wp\/v2\/types\/page"}],"author":[{"embeddable":true,"href":"https:\/\/www.whitehallresources.com\/de\/wp-json\/wp\/v2\/users\/1"}],"replies":[{"embeddable":true,"href":"https:\/\/www.whitehallresources.com\/de\/wp-json\/wp\/v2\/comments?post=419"}],"version-history":[{"count":4,"href":"https:\/\/www.whitehallresources.com\/de\/wp-json\/wp\/v2\/pages\/419\/revisions"}],"predecessor-version":[{"id":12540,"href":"https:\/\/www.whitehallresources.com\/de\/wp-json\/wp\/v2\/pages\/419\/revisions\/12540"}],"up":[{"embeddable":true,"href":"https:\/\/www.whitehallresources.com\/de\/wp-json\/wp\/v2\/pages\/399"}],"wp:attachment":[{"href":"https:\/\/www.whitehallresources.com\/de\/wp-json\/wp\/v2\/media?parent=419"}],"curies":[{"name":"wp","href":"https:\/\/api.w.org\/{rel}","templated":true}]}}