{"id":401,"date":"2023-10-16T16:55:18","date_gmt":"2023-10-16T15:55:18","guid":{"rendered":"https:\/\/wh.reach.ninja\/?page_id=401"},"modified":"2025-03-17T13:24:58","modified_gmt":"2025-03-17T13:24:58","slug":"sustainability","status":"publish","type":"page","link":"https:\/\/www.whitehallresources.com\/de\/policies\/sustainability\/","title":{"rendered":"Nachhaltigkeit"},"content":{"rendered":"\n\n\t<section class=\"section bg-blue-top dots-b\" id=\"section_1129247490\">\n\t\t<div class=\"section-bg fill\" >\n\t\t\t\t\t\t\t\t\t\n\t\t\t\n\n\t\t<\/div>\n\n\t\t\n\n\t\t<div class=\"section-content relative\">\n\t\t\t\n\n<div class=\"row\"  id=\"row-468618372\">\n\n\n\t<div id=\"col-241407033\" class=\"col medium-12 small-12 large-8\"  >\n\t\t\t\t<div class=\"col-inner dark\"  >\n\t\t\t\n\t\t\t\n\n\t<div id=\"text-1182964036\" class=\"text max--600\">\n\t\t\n\n<h1 class=\"thin-font\">Eine nachhaltige Vision f\u00fcr unsere Zukunft: Kohlenstoffneutralit\u00e4t<\/h1>\n\n\t\t\t<\/div>\n\t\n<p>Whitehall Resources, ein f\u00fchrendes Unternehmen im Bereich SAP-Rekrutierung, ist stolz auf das unersch\u00fctterliche Streben nach Exzellenz und einen ergebnisorientierten Ansatz. Heute freuen wir uns, einen weiteren Grundpfeiler unseres Engagements zu beleuchten \u2013 eine feste Verpflichtung zur Nachhaltigkeit und Kohlenstoffneutralit\u00e4t.<\/p>\n<p>Whitehall Resources erf\u00fcllt stolz die Kriterien einer <a href=\"\/wp-content\/uploads\/sites\/2\/2023\/10\/Carbon-Neutral-Certificate-GGE-for-Whitehall-Resources-Ltd-1st-Jun-2022-to-31st-May-2024.pdf\" target=\"_blank\" rel=\"noopener\">kohlenstoffneutralen Organisation gem\u00e4\u00df dem PAS 2060 Standard<\/a>. Dieser international anerkannte Standard f\u00fcr Kohlenstoffneutralit\u00e4t ist das Werk des <a href=\"https:\/\/www.bsigroup.com\/en-GB\/\" target=\"_blank\" rel=\"noopener\">British Standards Institute (BSI)<\/a>.<\/p>\n<p>Zum ersten Mal haben wir den Kohlenstoff-Fu\u00dfabdruck unserer Organisation (CO<sub>2<\/sub>e) vom 1. Juni 2021 bis 31. Mai 2022 berechnet. Diese erste Messung dient als unsere Ausgangsbasis, gegen die wir unsere zuk\u00fcnftigen Reduktionen messen werden.<\/p>\n<p>Unsere Einhaltung des PAS 2060 Standards umfasst Scope 1 &#038; 2 und ausgew\u00e4hlte Scope 3-Emissionen. Die Kriterien entsprechen dem Betriebssteuerungsprinzip, das im <a href=\"https:\/\/ghgprotocol.org\/corporate-standard\" target=\"_blank\" rel=\"noopener\">2014 WRI GHG Protocol \u2013 Corporate Accounting Standard<\/a> definiert ist.<\/p>\n<p>Das Verst\u00e4ndnis unseres Ausgangswertes bildet das R\u00fcckgrat unseres Kohlenstoffreduktionsplans, der darauf abzielt, unseren Fu\u00dfabdruck schrittweise und konsequent zu minimieren.<\/p>\n<p>Wir verpflichten uns, unseren Fu\u00dfabdruck im kommenden Zeitraum von 12 Monaten zu reduzieren, mit einer unersch\u00fctterlichen Verpflichtung zur j\u00e4hrlichen Neumessung unseres Kohlenstoff-Fu\u00dfabdrucks und zur kontinuierlichen Reduzierung.<\/p>\n<p>Da wir am Beginn unserer Kohlenstoffmessungsreise stehen, haben wir 100 % unseres ersten Jahres-Kohlenstoff-Fu\u00dfabdrucks durch ein seri\u00f6ses Kohlenstoffausgleichsprogramm ausgeglichen, gem\u00e4\u00df den Richtlinien des PAS 2060 Standards. Obwohl unser Hauptaugenmerk in den kommenden Jahren auf der Reduzierung des Kohlenstoff-Fu\u00dfabdrucks liegen wird, werden wir weiterhin verbleibende Emissionen ausgleichen. Wir erkennen an, dass unsere Bem\u00fchungen zur Reduzierung des Kohlenstoff-Fu\u00dfabdrucks umweltm\u00e4\u00dfig bedeutender sind und geringere Risiken im Vergleich zum Ausgleich aufweisen.<\/p>\n<p>Unser Kohlenstoffreduktionsplan ist vielseitig und integriert sowohl unmittelbare als auch langfristige Strategien. Wir f\u00f6rdern aktiv umweltfreundliches Pendeln unter unseren Mitarbeitern und planen, unsere Unternehmensflotte bis 2030 auf Elektrofahrzeuge umzustellen. Wir f\u00f6rdern auch eine klimabewusste Kultur innerhalb unserer Belegschaft und unseres Lieferantennetzwerks. Um unsere Nachhaltigkeitsagenda voranzutreiben, haben wir unter unseren Mitarbeitern \u201eGr\u00fcne Champions\u201c benannt und arbeiten mit Lieferanten zusammen, um Ziele zur Reduzierung des Kohlenstoffaussto\u00dfes festzulegen.<\/p>\n<p>In \u00dcbereinstimmung mit dem PAS 2060 Standard haben wir eine Qualifizierende Erl\u00e4uterungserkl\u00e4rung (QES) entwickelt, die auf unserer Website verf\u00fcgbar ist: <a href=\"\/wp-content\/uploads\/sites\/2\/2023\/10\/PAS-2060-Qualifying-Explanatory-Statement-GGE-for-Whitehall-Resources-Ltd-8th-June-2023-SIGNED.pdf\" target=\"_blank\" rel=\"noopener\">Whitehall Resources \u2013 Qualifizierende Erl\u00e4uterungserkl\u00e4rung (QES)<\/a>.<\/p>\n<p>Wir glauben an vollst\u00e4ndige Transparenz bei der Darstellung von Umweltanspr\u00fcchen. Daher ist die Qualit\u00e4t der Daten, die zur Berechnung unseres Kohlenstoff-Fu\u00dfabdrucks verwendet wurden, zusammen mit unserem Kohlenstoffreduktionsplan und unserem Engagement in der QES enthalten.<\/p>\n<p>Um unsere CO2-Emissionen von 2022 auszugleichen, hat Whitehall 187 Verified Carbon Units (VCUs) aus dem renommierten Carbon Balanced Project des World Land Trust (WTA) gekauft, um das \u00c4quivalent von 186,67 Tonnen CO<sub>2<\/sub>e auszugleichen. Durch die Teilnahme am WTA Carbon Balanced Programm tragen wir zu einem Biodiversit\u00e4tskonservierungs- und Restaurierungsprojekt in Guatemala bei \u2013 einem Land, das j\u00e4hrlich im Durchschnitt 180.000 Hektar Wald durch verschiedene Ursachen wie Brandrodung, Viehzucht und Monokulturpflanzungen verliert.<\/p>\n<p>Durch die Investition in das REDD+ Projekt \u201aCaribbean Guatemala: The Conservation Coast\u2018, das von unserem Partner FUNDAECO verwaltet wird, tragen wir zum Erhalt von \u00fcber 300.000 Hektar tropischen W\u00e4ldern und Feuchtgebieten entlang der gesamten Karibikk\u00fcste Guatemalas bei. Diese \u00d6kosysteme dienen nicht nur als Kohlenstoffsenken, sondern bieten auch wesentliche Dienstleistungen wie sauberes Trinkwasser, Holz und Risikominderung bei Naturkatastrophen.<\/p>\n<p>Als Unterst\u00fctzer sch\u00fctzt Whitehall den Lebensraum von 30 Arten von hoher Bedeutung und 500 Vogelarten. Das Projekt konzentriert sich auf die Verbesserung des Zugangs zu Gesundheitsversorgung und Bildung f\u00fcr Frauen und M\u00e4dchen, insbesondere bei indigenen Gruppen, die Entwicklung nachhaltiger Agroforstwirtschaftssysteme und Lebensgrundlagen sowie die F\u00f6rderung des \u00d6kotourismus, der lokale Gemeinschaftsmitglieder besch\u00e4ftigt.<\/p>\n<p>Das Conservation Coast Projekt hat Zertifizierungen von Verified Carbon Standard (VCS) und <a href=\"https:\/\/www.climate-standards.org\/ccb-standards\/\" target=\"_blank\" rel=\"noopener\">Climate, Community and Biodiversity Standard (CCBS)<\/a> erhalten und ist auch <a href=\"https:\/\/redd.unfccc.int\/\" target=\"_blank\" rel=\"noopener\">REDD+<\/a>.<\/p>\n<h3>Verstehen der PAS 2060 Zertifizierung<\/h3>\n<p>Der PAS 2060 Standard, der 2010 eingef\u00fchrt und 2014 \u00fcberarbeitet wurde, wird vom British Standards Institution (BSI) herausgegeben und ist eine universell anerkannte Spezifikation f\u00fcr Kohlenstoffneutralit\u00e4t.<\/p>\n<p>Um die PAS 2060-Zertifizierung zu erhalten, muss eine Organisation vier Anforderungen erf\u00fcllen:<\/p>\n<ul>\n<li><strong>Kohlenstoff-Fu\u00dfabdruck-Messung:<\/strong> Genaues Bestimmen des Kohlenstoff-Fu\u00dfabdrucks der Organisation, um deren Umweltimpact zu bewerten.<\/li>\n<li><strong>Ver\u00f6ffentlichung einer Qualifizierenden Erl\u00e4uterungserkl\u00e4rung (QES):<\/strong> Diese umfasst ein Versprechen, die Kohlenstoffneutralit\u00e4t zu erreichen, einen Zeitrahmen zur Verwirklichung dieses Ziels, einen detaillierten Kohlenstoffreduktionsplan und ein Engagement zur kontinuierlichen Emissionsreduzierung.<\/li>\n<li><strong>Investition in hochwertige Kohlenstoffkompensationen:<\/strong> Zur Ausgleichung des Kohlenstoff-Fu\u00dfabdrucks f\u00fcr einen bestimmten Zeitraum m\u00fcssen Organisationen in vertrauensw\u00fcrdige Kohlenstoffausgleichsinitiativen investieren.<\/li>\n<li><strong>J\u00e4hrliche Reduzierung des Kohlenstoff-Fu\u00dfabdrucks:<\/strong> Nachweisbare j\u00e4hrliche Reduzierung des Kohlenstoff-Fu\u00dfabdrucks der Organisation, die ihr dauerhaftes Engagement f\u00fcr Nachhaltigkeit unterstreicht.<\/li>\n<\/ul>\n<p><a href=\"https:\/\/gogreenexperts.co.uk\/\" target=\"_blank\" rel=\"noopener\">Go Green Experts Ltd<\/a> hat den Kohlenstoff-Fu\u00dfabdruck von Whitehall berechnet und ist der dritte Pr\u00fcfer bei der Erstellung der PAS 2060 QES von Whitehall.<\/p>\n\n\n\t\t<\/div>\n\t\t\t\t\n<style>\n#col-241407033 > .col-inner {\n  padding: 0% 0px 0px 0%;\n}\n<\/style>\n\t<\/div>\n\n\t\n\n\t<div id=\"col-257988192\" class=\"col medium-4 small-12 large-4\"  >\n\t\t<div class=\"is-sticky-column\"><div class=\"is-sticky-column__inner\">\t\t<div class=\"col-inner\" style=\"background-color:rgba(46, 45, 119, 0.843);\" >\n\t\t\t\n\t\t\t\n\n<h4>Our Policies<\/h4>\n<div class=\"nav-wrapper\"><ul class=\"nav nav-uppercase nav-vertical nav-simple text-left nav-left\"><li class=><a href=\"https:\/\/www.whitehallresources.com\/de\/policies\/agreement-for-work-finding-services\/\">Vereinbarung \u00fcber die Vermittlung von Arbeitsleistungen<\/a><\/li><li class=><a href=\"https:\/\/www.whitehallresources.com\/de\/policies\/cookie-policy\/\">Cookie-Richtlinie<\/a><\/li><li class=><a href=\"https:\/\/www.whitehallresources.com\/de\/policies\/data-retention-policy\/\">Datenaufbewahrungsrichtlinie<\/a><\/li><li class=><a href=\"https:\/\/www.whitehallresources.com\/de\/policies\/privacy-policy\/\">Datenschutzerkl\u00e4rung<\/a><\/li><li class=><a href=\"https:\/\/www.whitehallresources.com\/de\/policies\/anti-korruptions-und-bestechungspolitik\/\">Anti-Korruptions- und Bestechungspolitik<\/a><\/li><li class=active><a href=\"https:\/\/www.whitehallresources.com\/de\/policies\/sustainability\/\">Nachhaltigkeit<\/a><\/li><li class=><a href=\"https:\/\/www.whitehallresources.com\/de\/policies\/criminal-finances-act-2017\/\">Criminal Finances Act 2017 \u2013 Das Gesetz<\/a><\/li><li class=><a href=\"https:\/\/www.whitehallresources.com\/de\/policies\/data-protection-policy\/\">Datenschutzrichtlinie<\/a><\/li><li class=><a href=\"https:\/\/www.whitehallresources.com\/de\/policies\/modern-slavery-human-trafficking-policy\/\">Erkl\u00e4rung zur Bek\u00e4mpfung von Moderner Sklaverei und Menschenhandel<\/a><\/li><\/ul><\/div>\n\n\n\t\t<\/div>\n\t\t<\/div><\/div>\t\t\n<style>\n#col-257988192 > .is-sticky-column > .is-sticky-column__inner > .col-inner {\n  padding: 5% 5% 5% 5%;\n  border-radius: 10px;\n}\n<\/style>\n\t<\/div>\n\n\t\n\n<\/div>\n\n\t\t<\/div>\n\n\t\t\n<style>\n#section_1129247490 {\n  padding-top: 50px;\n  padding-bottom: 50px;\n  background-color: rgb(33, 33, 87);\n}\n@media (min-width:850px) {\n  #section_1129247490 {\n    padding-top: 80px;\n    padding-bottom: 80px;\n  }\n}\n<\/style>\n\t<\/section>\n\t\n\n","protected":false},"excerpt":{"rendered":"","protected":false},"author":1,"featured_media":0,"parent":399,"menu_order":0,"comment_status":"closed","ping_status":"closed","template":"","meta":{"_acf_changed":false,"footnotes":""},"class_list":["post-401","page","type-page","status-publish","hentry"],"acf":[],"_links":{"self":[{"href":"https:\/\/www.whitehallresources.com\/de\/wp-json\/wp\/v2\/pages\/401","targetHints":{"allow":["GET"]}}],"collection":[{"href":"https:\/\/www.whitehallresources.com\/de\/wp-json\/wp\/v2\/pages"}],"about":[{"href":"https:\/\/www.whitehallresources.com\/de\/wp-json\/wp\/v2\/types\/page"}],"author":[{"embeddable":true,"href":"https:\/\/www.whitehallresources.com\/de\/wp-json\/wp\/v2\/users\/1"}],"replies":[{"embeddable":true,"href":"https:\/\/www.whitehallresources.com\/de\/wp-json\/wp\/v2\/comments?post=401"}],"version-history":[{"count":5,"href":"https:\/\/www.whitehallresources.com\/de\/wp-json\/wp\/v2\/pages\/401\/revisions"}],"predecessor-version":[{"id":12568,"href":"https:\/\/www.whitehallresources.com\/de\/wp-json\/wp\/v2\/pages\/401\/revisions\/12568"}],"up":[{"embeddable":true,"href":"https:\/\/www.whitehallresources.com\/de\/wp-json\/wp\/v2\/pages\/399"}],"wp:attachment":[{"href":"https:\/\/www.whitehallresources.com\/de\/wp-json\/wp\/v2\/media?parent=401"}],"curies":[{"name":"wp","href":"https:\/\/api.w.org\/{rel}","templated":true}]}}