{"id":1066,"date":"2023-11-07T07:56:43","date_gmt":"2023-11-07T07:56:43","guid":{"rendered":"https:\/\/wh.reach.ninja\/?page_id=1066"},"modified":"2024-09-05T09:36:33","modified_gmt":"2024-09-05T08:36:33","slug":"register-your-cv","status":"publish","type":"page","link":"https:\/\/www.whitehallresources.com\/de\/register-your-cv\/","title":{"rendered":"Registrieren Sie Ihren Lebenslauf"},"content":{"rendered":"\n\n\t<section class=\"section sec-large-top-p\" id=\"section_1219663050\">\n\t\t<div class=\"section-bg fill\" >\n\t\t\t\t\t\t\t\t\t\n\t\t\t\n\n\t\t<\/div>\n\n\t\t\n\n\t\t<div class=\"section-content relative\">\n\t\t\t\n\n<div class=\"row\"  id=\"row-225116628\">\n\n\n\t<div id=\"col-1574514527\" class=\"col small-12 large-12\"  >\n\t\t\t\t<div class=\"col-inner\"  >\n\t\t\t\n\t\t\t\n\n<h1 class=\"big text-reveal-instant\">Registrieren Sie Ihren Lebenslauf<\/h1>\n\n\n\t\t<\/div>\n\t\t\t\t\t<\/div>\n\n\t\n\n\t<div id=\"col-569935789\" class=\"col small-12 large-12\"  data-animate=\"fadeInLeft\">\n\t\t\t\t<div class=\"col-inner\"  >\n\t\t\t\n\t\t\t\n\n<h5 class=\"max-w-1000\">Wir haben eine Kundenbasis, die sich \u00fcber das Vereinigte K\u00f6nigreich, Europa, den Nahen Osten und die Vereinigten Staaten erstreckt. Registrieren Sie Ihren Lebenslauf bei uns, wenn Sie als Erster von den neuesten Chancen erfahren m\u00f6chten. Verbinden Sie sich auch mit Whitehall-Beratern auf LinkedIn und folgen Sie unserem Unternehmensprofil.<\/h5>\n\n\n\t\t<\/div>\n\t\t\t\t\t<\/div>\n\n\t\n\n<\/div>\n\n\t\t<\/div>\n\n\t\t\n<style>\n#section_1219663050 {\n  padding-top: 0px;\n  padding-bottom: 0px;\n}\n#section_1219663050 .section-bg-overlay {\n  background-color: rgba(46, 45, 119, 0.692);\n}\n<\/style>\n\t<\/section>\n\t\n\n\t<section class=\"section\" id=\"section_722690401\">\n\t\t<div class=\"section-bg fill\" >\n\t\t\t\t\t\t\t\t\t\n\t\t\t\n\n\t\t<\/div>\n\n\t\t\n\n\t\t<div class=\"section-content relative\">\n\t\t\t\n\n<div class=\"row\"  id=\"row-1774893057\">\n\n\n\t<div id=\"col-1970851411\" class=\"col small-12 large-12\"  data-animate=\"fadeInLeft\">\n\t\t\t\t<div class=\"col-inner\"  >\n\t\t\t\n\t\t\t\n\n\t<div id=\"text-3407314836\" class=\"text\">\n\t\t\n\n<h2 class=\"light\">Registrieren Sie sich bei uns<\/h2>\n<p class=\"max-w-800 max-w-center\">Wenn Sie ein potenzieller Kandidat sind und Ihre Daten bei uns registrieren m\u00f6chten, nutzen Sie bitte dieses sichere Online-Formular. Laden Sie auch unbedingt Ihren Lebenslauf hoch, und einer unserer Vertreter wird sich in K\u00fcrze mit Ihnen in Verbindung setzen.<\/p>\n\n\t\t\n<style>\n#text-3407314836 {\n  text-align: center;\n}\n<\/style>\n\t<\/div>\n\t\n\n<div class=\"wpcf7 no-js\" id=\"wpcf7-f6-o1\" lang=\"en-GB\" dir=\"ltr\" data-wpcf7-id=\"6\">\n<div class=\"screen-reader-response\"><p role=\"status\" aria-live=\"polite\" aria-atomic=\"true\"><\/p> <ul><\/ul><\/div>\n<form action=\"\/de\/wp-json\/wp\/v2\/pages\/1066#wpcf7-f6-o1\" method=\"post\" class=\"wpcf7-form init\" aria-label=\"Contact form\" enctype=\"multipart\/form-data\" novalidate=\"novalidate\" data-status=\"init\">\n<fieldset class=\"hidden-fields-container\"><input type=\"hidden\" name=\"_wpcf7\" value=\"6\" \/><input type=\"hidden\" name=\"_wpcf7_version\" value=\"6.1.5\" \/><input type=\"hidden\" name=\"_wpcf7_locale\" value=\"en_GB\" \/><input type=\"hidden\" name=\"_wpcf7_unit_tag\" value=\"wpcf7-f6-o1\" \/><input type=\"hidden\" name=\"_wpcf7_container_post\" value=\"0\" \/><input type=\"hidden\" name=\"_wpcf7_posted_data_hash\" value=\"\" \/><input type=\"hidden\" name=\"_wpcf7_recaptcha_response\" value=\"\" \/>\n<\/fieldset>\n<div class=\"rd-form rd-form--register style-round light\">\n\n    <div class=\"form-cols\">\n    \n        <div class=\"form-item\">\n            <label for=\"first-name\">Vorname<\/label> \n            <span class=\"wpcf7-form-control-wrap\" data-name=\"first-name\"><input size=\"40\" maxlength=\"400\" class=\"wpcf7-form-control wpcf7-text wpcf7-validates-as-required\" aria-required=\"true\" aria-invalid=\"false\" value=\"\" type=\"text\" name=\"first-name\" \/><\/span> \n        <\/div>\n        \n        <div class=\"form-item\">\n            <label for=\"last-name\">Nachname<\/label> \n            <span class=\"wpcf7-form-control-wrap\" data-name=\"last-name\"><input size=\"40\" maxlength=\"400\" class=\"wpcf7-form-control wpcf7-text wpcf7-validates-as-required\" aria-required=\"true\" aria-invalid=\"false\" value=\"\" type=\"text\" name=\"last-name\" \/><\/span>\n        <\/div>\n    \n    <\/div>\n    <div class=\"form-cols\">\n    \n        <div class=\"form-item\">\n            <label for=\"contact-number\">Telefonnummer<\/label> \n            <span class=\"wpcf7-form-control-wrap\" data-name=\"contact-number\"><input size=\"40\" maxlength=\"400\" class=\"wpcf7-form-control wpcf7-tel wpcf7-validates-as-required wpcf7-text wpcf7-validates-as-tel\" aria-required=\"true\" aria-invalid=\"false\" value=\"\" type=\"tel\" name=\"contact-number\" \/><\/span>\n        <\/div>\n        <div class=\"form-item\">\n            <label for=\"email-address\">E-Mail-Adresse<\/label> \n            <span class=\"wpcf7-form-control-wrap\" data-name=\"email-address\"><input size=\"40\" maxlength=\"400\" class=\"wpcf7-form-control wpcf7-email wpcf7-validates-as-required wpcf7-text wpcf7-validates-as-email\" aria-required=\"true\" aria-invalid=\"false\" value=\"\" type=\"email\" name=\"email-address\" \/><\/span>\n        <\/div>\n    \n    <\/div>\n    <div class=\"form-cols\">\n    \n        <div class=\"form-item\">\n            <label for=\"country-of-interest\">Region von Interesse<\/label>\n            <span class=\"wpcf7-form-control-wrap\" data-name=\"country-of-interest\"><span class=\"wpcf7-form-control wpcf7-checkbox wpcf7-validates-as-required\"><span class=\"wpcf7-list-item first\"><label><input type=\"checkbox\" name=\"country-of-interest[]\" value=\"UK &amp; Irland\" \/><span class=\"wpcf7-list-item-label\">UK &amp; Irland<\/span><\/label><\/span><span class=\"wpcf7-list-item\"><label><input type=\"checkbox\" name=\"country-of-interest[]\" value=\"Europa\" \/><span class=\"wpcf7-list-item-label\">Europa<\/span><\/label><\/span><span class=\"wpcf7-list-item\"><label><input type=\"checkbox\" name=\"country-of-interest[]\" value=\"Naher Osten\" \/><span class=\"wpcf7-list-item-label\">Naher Osten<\/span><\/label><\/span><span class=\"wpcf7-list-item last\"><label><input type=\"checkbox\" name=\"country-of-interest[]\" value=\"USA\" \/><span class=\"wpcf7-list-item-label\">USA<\/span><\/label><\/span><\/span><\/span>\n        <\/div>\n        <div class=\"form-item\">\n            <label for=\"specialism\">Fachgebiet<\/label>\n            <div class=\"checkbox-wrapper\">\n                <span class=\"wpcf7-form-control-wrap\" data-name=\"specialism\"><span class=\"wpcf7-form-control wpcf7-checkbox wpcf7-validates-as-required\"><span class=\"wpcf7-list-item first\"><label><input type=\"checkbox\" name=\"specialism[]\" value=\"SAP\" \/><span class=\"wpcf7-list-item-label\">SAP<\/span><\/label><\/span><span class=\"wpcf7-list-item\"><label><input type=\"checkbox\" name=\"specialism[]\" value=\"IT\" \/><span class=\"wpcf7-list-item-label\">IT<\/span><\/label><\/span><span class=\"wpcf7-list-item last\"><label><input type=\"checkbox\" name=\"specialism[]\" value=\"Daten\" \/><span class=\"wpcf7-list-item-label\">Daten<\/span><\/label><\/span><\/span><\/span>\n            <\/div>\n        <\/div>\n\n    <\/div>\n    <div class=\"form-cols\">\n\n    <div class=\"form-item max--600\">\n        <div class=\"file-wrapper file-cv\">\n            <label><span class=\"label-text\">Laden Sie Ihren Lebenslauf hoch<\/span><span class=\"wpcf7-form-control-wrap\" data-name=\"file-cv\"><input size=\"40\" class=\"wpcf7-form-control wpcf7-file wpcf7-validates-as-required\" accept=\".pdf,.doc,.docx\" aria-required=\"true\" aria-invalid=\"false\" type=\"file\" name=\"file-cv\" \/><\/span>\n                <span class=\"file-custom\"><\/span>\n            <\/label>\n        <\/div>\n    <\/div>\n\n        <div class=\"form-item\">\n            <label for=\"contract-type\">Vertragsart<\/label>\n            <div class=\"checkbox-wrapper\">\n                <span class=\"wpcf7-form-control-wrap\" data-name=\"contract-type\"><span class=\"wpcf7-form-control wpcf7-checkbox wpcf7-validates-as-required\"><span class=\"wpcf7-list-item first\"><label><input type=\"checkbox\" name=\"contract-type[]\" value=\"Alle\" \/><span class=\"wpcf7-list-item-label\">Alle<\/span><\/label><\/span><span class=\"wpcf7-list-item\"><label><input type=\"checkbox\" name=\"contract-type[]\" value=\"Festanstellung\" \/><span class=\"wpcf7-list-item-label\">Festanstellung<\/span><\/label><\/span><span class=\"wpcf7-list-item last\"><label><input type=\"checkbox\" name=\"contract-type[]\" value=\"Freiberuflich\" \/><span class=\"wpcf7-list-item-label\">Freiberuflich<\/span><\/label><\/span><\/span><\/span>\n            <\/div>\n        <\/div>\n    \n    <\/div>\n\n<div class=\"form-item\">\n<label for=\"referral\">Wie haben Sie von uns geh\u00f6rt?<\/label>\n<span class=\"wpcf7-form-control-wrap\" data-name=\"referral\"><select class=\"wpcf7-form-control wpcf7-select wpcf7-validates-as-required\" aria-required=\"true\" aria-invalid=\"false\" name=\"referral\"><option value=\"\">- Bitte ausw\u00e4hlen -<\/option><option value=\"Suchmaschine (Google, Bing etc.)\">Suchmaschine (Google, Bing etc.)<\/option><option value=\"Soziale Medien\">Soziale Medien<\/option><option value=\"Freund oder Kollege\">Freund oder Kollege<\/option><option value=\"Presse oder Artikel\">Presse oder Artikel<\/option><option value=\"Sonstiges\">Sonstiges<\/option><\/select><\/span>\n<\/div>\n\n    <div class=\"form-item\">\n        <label for=\"comments\">Kommentare<\/label> \n        <span class=\"wpcf7-form-control-wrap\" data-name=\"comments\"><textarea cols=\"40\" rows=\"10\" maxlength=\"2000\" class=\"wpcf7-form-control wpcf7-textarea wpcf7-validates-as-required\" aria-required=\"true\" aria-invalid=\"false\" name=\"comments\"><\/textarea><\/span>\n    <\/div>\n\n    <div class=\"form-item\">\n    <span class=\"wpcf7-form-control-wrap\" data-name=\"terms\"><span class=\"wpcf7-form-control wpcf7-checkbox\"><span class=\"wpcf7-list-item first last\"><label><input type=\"checkbox\" name=\"terms[]\" value=\"Whitehall wird Ihre Daten niemals ohne Ihre ausdr\u00fcckliche Zustimmung an Dritte verkaufen oder weitergeben. Weitere Informationen zu Ihren Rechten und wie wir Ihre pers\u00f6nlichen Daten verarbeiten, finden Sie in unserer Datenschutzerkl\u00e4rung.\" \/><span class=\"wpcf7-list-item-label\">Whitehall wird Ihre Daten niemals ohne Ihre ausdr\u00fcckliche Zustimmung an Dritte verkaufen oder weitergeben. Weitere Informationen zu Ihren Rechten und wie wir Ihre pers\u00f6nlichen Daten verarbeiten, finden Sie in unserer Datenschutzerkl\u00e4rung.<\/span><\/label><\/span><\/span><\/span>\n    <\/div>\n    \n    <div class=\"form-submit text-center\">\n    <input class=\"wpcf7-form-control wpcf7-submit has-spinner c-bg-sec lowercase\" type=\"submit\" value=\"Lebenslauf absenden\" \/>\n    <\/div>\n    \n    <\/div><div class=\"wpcf7-response-output\" aria-hidden=\"true\"><\/div>\n<\/form>\n<\/div>\n\n\n\n\t\t<\/div>\n\t\t\t\t\t<\/div>\n\n\t\n\n<\/div>\n\n\t\t<\/div>\n\n\t\t\n<style>\n#section_722690401 {\n  padding-top: 0px;\n  padding-bottom: 0px;\n}\n#section_722690401 .section-bg-overlay {\n  background-color: rgba(46, 45, 119, 0.692);\n}\n<\/style>\n\t<\/section>\n\t\n\n\t<section class=\"section sec-large-p dots-b dots-overflow bg-blend2\" id=\"section_906015557\">\n\t\t<div class=\"section-bg fill\" >\n\t\t\t\t\t\t\t\t\t\n\t\t\t\n\n\t\t<\/div>\n\n\t\t\n\n\t\t<div class=\"section-content relative\">\n\t\t\t\n\n<div class=\"row\"  id=\"row-839847012\">\n\n\n\t<div id=\"col-1278806648\" class=\"col small-12 large-12\"  >\n\t\t\t\t<div class=\"col-inner\"  >\n\t\t\t\n\t\t\t\n\n\n\n<h3 class=\"light text-center\">Current roles available<\/h3>\n<a class=\"button white is-link lowercase abs-button-desktop\"><span>View All<\/span><\/a>\n\n\n\n<div class=\"wh-jobs-list\"><div class=\"job-item\">\r\n            <div class=\"job-ref\">Job ID: BBBH66497_1775116907<\/div>\r\n        <div class=\"flex\">\r\n                            <div class=\"job-type\">Contract<\/div>\r\n            <\/div>\r\n    <h3><a href=\"https:\/\/whitehallresources.com\/de\/job\/sap-qm-consultant-30883\/\">SAP QM Consultant<\/a><\/h3>\r\n            <div class=\"job-location\">Hungary<\/div>\r\n            <div class=\"flex mt--20 job-buttons\">\r\n        <a href=\"https:\/\/whitehallresources.com\/de\/job\/sap-qm-consultant-30883\/\" class=\"button view\">View Job<\/a>\r\n            <\/div>\r\n<\/div><div class=\"job-item\">\r\n            <div class=\"job-ref\">Job ID: BBBH66475_1774947332<\/div>\r\n        <div class=\"flex\">\r\n                    <div class=\"job-arrangement\">Remote<\/div>\r\n                            <div class=\"job-type\">Contract<\/div>\r\n            <\/div>\r\n    <h3><a href=\"https:\/\/whitehallresources.com\/de\/job\/blue-prism-developer-sc-cleared-30810\/\">Blue Prism Developer &#8211; SC Cleared<\/a><\/h3>\r\n            <div class=\"job-location\">Anywhere<\/div>\r\n            <div class=\"flex mt--20 job-buttons\">\r\n        <a href=\"https:\/\/whitehallresources.com\/de\/job\/blue-prism-developer-sc-cleared-30810\/\" class=\"button view\">View Job<\/a>\r\n            <\/div>\r\n<\/div><div class=\"job-item\">\r\n        <div class=\"flex\">\r\n                    <\/div>\r\n    <h3><a href=\"https:\/\/whitehallresources.com\/de\/job\/sap-ewm-consultant\/\">SAP EWM Consultant<\/a><\/h3>\r\n            <div class=\"flex mt--20 job-buttons\">\r\n        <a href=\"https:\/\/whitehallresources.com\/de\/job\/sap-ewm-consultant\/\" class=\"button view\">View Job<\/a>\r\n            <\/div>\r\n<\/div><\/div>\n\n\n\t\t<\/div>\n\t\t\t\t\t<\/div>\n\n\t\n\n<\/div>\n\n\t\t<\/div>\n\n\t\t\n<style>\n#section_906015557 {\n  padding-top: 0px;\n  padding-bottom: 0px;\n}\n#section_906015557 .section-bg-overlay {\n  background-color: rgba(46, 45, 119, 0.692);\n}\n<\/style>\n\t<\/section>\n\t\n\n","protected":false},"excerpt":{"rendered":"","protected":false},"author":1,"featured_media":0,"parent":0,"menu_order":0,"comment_status":"closed","ping_status":"closed","template":"","meta":{"_acf_changed":false,"footnotes":""},"class_list":["post-1066","page","type-page","status-publish","hentry"],"acf":[],"_links":{"self":[{"href":"https:\/\/www.whitehallresources.com\/de\/wp-json\/wp\/v2\/pages\/1066","targetHints":{"allow":["GET"]}}],"collection":[{"href":"https:\/\/www.whitehallresources.com\/de\/wp-json\/wp\/v2\/pages"}],"about":[{"href":"https:\/\/www.whitehallresources.com\/de\/wp-json\/wp\/v2\/types\/page"}],"author":[{"embeddable":true,"href":"https:\/\/www.whitehallresources.com\/de\/wp-json\/wp\/v2\/users\/1"}],"replies":[{"embeddable":true,"href":"https:\/\/www.whitehallresources.com\/de\/wp-json\/wp\/v2\/comments?post=1066"}],"version-history":[{"count":5,"href":"https:\/\/www.whitehallresources.com\/de\/wp-json\/wp\/v2\/pages\/1066\/revisions"}],"predecessor-version":[{"id":12466,"href":"https:\/\/www.whitehallresources.com\/de\/wp-json\/wp\/v2\/pages\/1066\/revisions\/12466"}],"wp:attachment":[{"href":"https:\/\/www.whitehallresources.com\/de\/wp-json\/wp\/v2\/media?parent=1066"}],"curies":[{"name":"wp","href":"https:\/\/api.w.org\/{rel}","templated":true}]}}